{"id":1127,"date":"2021-11-25T21:54:30","date_gmt":"2021-11-25T18:54:30","guid":{"rendered":"https:\/\/lacrimioaramezei.ro\/?page_id=1127"},"modified":"2021-11-25T21:54:30","modified_gmt":"2021-11-25T18:54:30","slug":"psihoterapie-de-grup","status":"publish","type":"page","link":"https:\/\/lacrimioaramezei.ro\/en\/psihoterapie-de-grup\/","title":{"rendered":"Psihoterapie de grup"},"content":{"rendered":"<h2>Psihoterapie de grup<\/h2>\n<blockquote>\n<p>    Energia min\u021bii reprezint\u0103 esen\u021ba vie\u021bii.<\/p>\n<footer>\n<p>                <cite>Aristotel<\/cite><\/p>\n<\/footer>\n<\/blockquote>\n<h2>Psihoterapie de grup<\/h2>\n<ul>\n<li>\n<h3>Defini\u021bie<\/h3>\n<div>\n<p>Este o form\u0103 terapeutic\u0103 prin care se lucreaz\u0103 cu mai multe persoane care au aceea\u0219i problematic\u0103 \u00een acelasi timp, \u00eentr-un cadru de siguran\u021b\u0103 \u0219i confiden\u021bialitate.<\/p>\n<\/div>\n<\/li>\n<li>\n<h3>Beneficii<\/h3>\n<div>\n<p>Studiile arat\u0103 c\u0103 pentru anumite dificult\u0103\u021bi este cea mai eficient\u0103 solu\u021bie. Unul dintre beneficiile psihoterapiei de grup este faptul c\u0103 pe l\u00e2ng\u0103 procesul terapeutic vei \u00eent\u00e2lni oameni care se confrunt\u0103 cu acelea\u0219i dificult\u0103\u021bi \u0219i vei putea observa \u00een ce fel lucrurile func\u021bioneaz\u0103 pentru ei. Te vei putea folosi de experien\u021bele si abord\u0103rile lor.<\/p>\n<\/div>\n<\/li>\n<\/ul>\n<p><img decoding=\"async\" src=\"\/wp-content\/uploads\/Counseling.jpg\" alt=\"Terapie de grup\"><\/p>\n<p><!--more--><br \/>\n<!-- {\"children\":[{\"name\":\"Hero\",\"type\":\"section\",\"props\":{\"width\":\"default\",\"style\":\"default\",\"text_color\":\"light\",\"media\":\"images\\\/home-header.jpg\",\"height_viewport\":true,\"header_overlay\":\"light\",\"image\":\"wp-content\\\/uploads\\\/Banner_About_OurTeam.jpg\",\"media_advanced\":true,\"image_size\":\"cover\",\"media_background\":\"#fff\",\"media_overlay\":\"rgba(0, 0, 0, 0.39)\",\"height\":\"expand\",\"animation\":\"fade\",\"image_fixed\":false,\"image_position\":\"center-center\",\"vertical_align\":\"middle\",\"title_position\":\"top-left\",\"title_rotation\":\"left\",\"title_breakpoint\":\"xl\",\"overlap\":false},\"children\":[{\"name\":\"\",\"type\":\"row\",\"props\":{\"margin\":\"large\",\"column_gap\":\"large\",\"row_gap\":\"large\"},\"children\":[{\"name\":\"\",\"type\":\"column\",\"props\":{\"image_position\":\"center-center\",\"media_overlay_gradient\":\"\",\"width_medium\":\"1-1\",\"position_sticky_breakpoint\":\"m\"},\"children\":[{\"name\":\"\",\"type\":\"headline\",\"props\":{\"title_element\":\"h2\",\"content\":\"Psihoterapie de grup\",\"maxwidth\":\"xlarge\",\"animation\":\"slide-left-medium\",\"margin_remove_bottom\":true,\"title_decoration\":\"divider\"}},{\"type\":\"quotation\",\"props\":{\"content\":\"Energia min\\u021bii reprezint\\u0103 esen\\u021ba vie\\u021bii.\",\"author\":\"Aristotel\",\"margin_remove_top\":true,\"text_align\":\"left\",\"maxwidth\":\"xlarge\",\"animation\":\"slide-left-medium\"}}]}]}]},{\"name\":\"About\",\"type\":\"section\",\"props\":{\"width\":\"default\",\"style\":\"default\",\"image_size\":\"cover\",\"padding_remove_bottom\":false,\"image_position\":\"center-center\",\"vertical_align\":\"middle\",\"title_position\":\"top-left\",\"title_rotation\":\"left\",\"title_breakpoint\":\"xl\"},\"children\":[{\"name\":\"\",\"type\":\"row\",\"props\":{\"vertical_align\":false},\"children\":[{\"name\":\"\",\"type\":\"column\",\"props\":{\"image_position\":\"center-center\",\"media_overlay_gradient\":\"\",\"width_medium\":\"\",\"position_sticky_breakpoint\":\"m\"},\"children\":[{\"name\":\"\",\"type\":\"headline\",\"props\":{\"title_element\":\"h2\",\"title_style\":\"h3\",\"content\":\"Psihoterapie de grup\",\"margin_remove_bottom\":true}},{\"type\":\"grid\",\"props\":{\"show_title\":true,\"show_meta\":true,\"show_content\":true,\"show_image\":true,\"show_link\":true,\"grid_default\":\"1\",\"grid_medium\":\"\",\"filter_style\":\"tab\",\"filter_all\":true,\"filter_position\":\"top\",\"filter_align\":\"left\",\"filter_grid_width\":\"auto\",\"title_element\":\"h3\",\"title_align\":\"top\",\"title_grid_width\":\"1-2\",\"meta_style\":\"meta\",\"meta_align\":\"below-title\",\"image_align\":\"top\",\"image_grid_width\":\"1-2\",\"image_svg_color\":\"emphasis\",\"link_text\":\"Read more\",\"link_style\":\"default\",\"margin\":\"default\",\"item_animation\":true,\"title_style\":\"h4\",\"content_margin\":\"small\",\"title_hover_style\":\"reset\",\"filter_grid_breakpoint\":\"m\",\"title_grid_breakpoint\":\"m\",\"image_grid_breakpoint\":\"m\",\"content_column_breakpoint\":\"m\",\"icon_width\":80,\"meta_element\":\"div\",\"title_decoration\":\"line\"},\"children\":[{\"type\":\"grid_item\",\"props\":{\"content\":\"\n\n<p>Este o form\\u0103 terapeutic\\u0103 prin care se lucreaz\\u0103 cu mai multe persoane care au aceea\\u0219i problematic\\u0103 \\u00een acelasi timp, \\u00eentr-un cadru de siguran\\u021b\\u0103 \\u0219i confiden\\u021bialitate.<\\\/p>\",\"title\":\"Defini\\u021bie\"}},{\"type\":\"grid_item\",\"props\":{\"content\":\"\n\n<p>Studiile arat\\u0103 c\\u0103 pentru anumite dificult\\u0103\\u021bi este cea mai eficient\\u0103 solu\\u021bie. Unul dintre beneficiile psihoterapiei de grup este faptul c\\u0103 pe l\\u00e2ng\\u0103 procesul terapeutic vei \\u00eent\\u00e2lni oameni care se confrunt\\u0103 cu acelea\\u0219i dificult\\u0103\\u021bi \\u0219i vei putea observa \\u00een ce fel lucrurile func\\u021bioneaz\\u0103 pentru ei. Te vei putea folosi de experien\\u021bele si abord\\u0103rile lor.<\\\/p>\",\"title\":\"Beneficii\",\"meta\":\"\"}}]},{\"type\":\"image\",\"props\":{\"margin\":\"default\",\"image_svg_color\":\"emphasis\",\"image\":\"wp-content\\\/uploads\\\/Counseling.jpg\",\"image_alt\":\"Terapie de grup\",\"image_border\":\"rounded\",\"text_align\":\"center\"}}]}]}]}],\"version\":\"2.7.3\",\"type\":\"layout\"} --><\/p>\n","protected":false},"excerpt":{"rendered":"<p>Psihoterapie de grup Energia min\u021bii reprezint\u0103 esen\u021ba vie\u021bii. Aristotel Psihoterapie de grup Defini\u021bie Este o form\u0103 terapeutic\u0103 prin care se lucreaz\u0103 cu mai multe persoane care au aceea\u0219i problematic\u0103 \u00een acelasi timp, \u00eentr-un cadru de siguran\u021b\u0103 \u0219i confiden\u021bialitate. Beneficii Studiile arat\u0103 c\u0103 pentru anumite dificult\u0103\u021bi este cea mai eficient\u0103 solu\u021bie. Unul dintre beneficiile psihoterapiei de [&hellip;]<\/p>\n","protected":false},"author":2,"featured_media":0,"parent":0,"menu_order":0,"comment_status":"closed","ping_status":"closed","template":"","meta":{"footnotes":""},"class_list":["post-1127","page","type-page","status-publish","hentry"],"_links":{"self":[{"href":"https:\/\/lacrimioaramezei.ro\/en\/wp-json\/wp\/v2\/pages\/1127","targetHints":{"allow":["GET"]}}],"collection":[{"href":"https:\/\/lacrimioaramezei.ro\/en\/wp-json\/wp\/v2\/pages"}],"about":[{"href":"https:\/\/lacrimioaramezei.ro\/en\/wp-json\/wp\/v2\/types\/page"}],"author":[{"embeddable":true,"href":"https:\/\/lacrimioaramezei.ro\/en\/wp-json\/wp\/v2\/users\/2"}],"replies":[{"embeddable":true,"href":"https:\/\/lacrimioaramezei.ro\/en\/wp-json\/wp\/v2\/comments?post=1127"}],"version-history":[{"count":3,"href":"https:\/\/lacrimioaramezei.ro\/en\/wp-json\/wp\/v2\/pages\/1127\/revisions"}],"predecessor-version":[{"id":1135,"href":"https:\/\/lacrimioaramezei.ro\/en\/wp-json\/wp\/v2\/pages\/1127\/revisions\/1135"}],"wp:attachment":[{"href":"https:\/\/lacrimioaramezei.ro\/en\/wp-json\/wp\/v2\/media?parent=1127"}],"curies":[{"name":"wp","href":"https:\/\/api.w.org\/{rel}","templated":true}]}}