{"id":1136,"date":"2021-11-25T22:18:43","date_gmt":"2021-11-25T19:18:43","guid":{"rendered":"https:\/\/lacrimioaramezei.ro\/?page_id=1136"},"modified":"2021-11-25T22:28:04","modified_gmt":"2021-11-25T19:28:04","slug":"workshopuri-tematice","status":"publish","type":"page","link":"https:\/\/lacrimioaramezei.ro\/en\/workshopuri-tematice\/","title":{"rendered":"Workshopuri tematice"},"content":{"rendered":"<h2>Workshopuri tematice<\/h2>\n<blockquote>\n<p>    Energia min\u021bii reprezint\u0103 esen\u021ba vie\u021bii.<\/p>\n<footer>\n<p>                <cite>Aristotel<\/cite><\/p>\n<\/footer>\n<\/blockquote>\n<div>\n<p>    <img decoding=\"async\" src=\"\/wp-content\/uploads\/workshopuri.jpg\" alt=\"Workshopuri\"><\/p>\n<h3>Scop<\/h3>\n<p>Workshopuri tematice<\/p>\n<div>\n<p><span>Organizate cu scopul de a aduce \u00eempreun\u0103 oameni care vor s\u0103 aprofundeze anumite teme \u00eentr-un cadru interactiv \u0219i inspira\u021bional, po\u021bi participa la Atelierele motiva\u021bionale, de dezvoltare personal\u0103, ateliere despre rela\u021bia de cuplu, despre rela\u021bia p\u0103rinte-copil, ateliere pentru dezvoltarea inteligen\u021bei emo\u021bionale, a celei rela\u021bionale, tehnici de terapie psihosomatic\u0103, \u00eent\u00e2lniri de teambuilding, etc.<\/span><\/p>\n<\/div>\n<p><a href=\"#\">Read More<\/a><\/p>\n<\/div>\n<p><!--more--><br \/>\n<!-- {\"type\":\"layout\",\"children\":[{\"name\":\"Hero\",\"type\":\"section\",\"props\":{\"width\":\"default\",\"style\":\"default\",\"text_color\":\"light\",\"media\":\"images\\\/home-header.jpg\",\"height_viewport\":true,\"header_overlay\":\"light\",\"image\":\"wp-content\\\/uploads\\\/GettyImages-1090245970_resize.jpg\",\"media_advanced\":true,\"image_size\":\"cover\",\"media_background\":\"#fff\",\"media_overlay\":null,\"height\":\"expand\",\"animation\":\"fade\",\"image_fixed\":false,\"image_position\":\"top-center\",\"vertical_align\":\"middle\",\"title_position\":\"top-left\",\"title_rotation\":\"left\",\"title_breakpoint\":\"xl\",\"overlap\":false},\"children\":[{\"name\":\"\",\"type\":\"row\",\"props\":{\"margin\":\"large\",\"column_gap\":\"large\",\"row_gap\":\"large\"},\"children\":[{\"name\":\"\",\"type\":\"column\",\"props\":{\"image_position\":\"center-center\",\"media_overlay_gradient\":\"\",\"width_medium\":\"1-1\",\"position_sticky_breakpoint\":\"m\"},\"children\":[{\"name\":\"\",\"type\":\"headline\",\"props\":{\"title_element\":\"h2\",\"content\":\"Workshopuri tematice\",\"maxwidth\":\"xlarge\",\"animation\":\"slide-left-medium\",\"margin_remove_bottom\":true,\"title_decoration\":\"divider\"}},{\"type\":\"quotation\",\"props\":{\"content\":\"Energia min\\u021bii reprezint\\u0103 esen\\u021ba vie\\u021bii.\",\"author\":\"Aristotel\",\"margin_remove_top\":true,\"text_align\":\"left\",\"maxwidth\":\"xlarge\",\"animation\":\"slide-left-medium\"}}]}]}]},{\"type\":\"section\",\"props\":{\"style\":\"default\",\"width\":\"default\",\"vertical_align\":\"middle\",\"title_position\":\"top-left\",\"title_rotation\":\"left\",\"title_breakpoint\":\"xl\",\"image_position\":\"center-center\"},\"children\":[{\"type\":\"row\",\"children\":[{\"type\":\"column\",\"props\":{\"position_sticky_breakpoint\":\"m\",\"image_position\":\"center-center\",\"media_overlay_gradient\":\"\"},\"children\":[{\"path\":\"elements\",\"name\":\"Panel Slider Image Left\",\"type\":\"panel-slider\",\"props\":{\"show_title\":true,\"show_meta\":true,\"show_content\":true,\"show_image\":true,\"show_link\":false,\"slider_width\":\"fixed\",\"slider_width_default\":\"1-1\",\"slider_width_medium\":\"\",\"slider_gap\":\"large\",\"slider_autoplay_pause\":true,\"nav\":\"dotnav\",\"nav_align\":\"left\",\"nav_breakpoint\":\"\",\"slidenav\":\"outside\",\"slidenav_margin\":\"medium\",\"slidenav_breakpoint\":\"xl\",\"slidenav_outside_breakpoint\":\"xl\",\"panel_card_match\":true,\"title_hover_style\":\"reset\",\"title_element\":\"h3\",\"title_align\":\"top\",\"title_grid_width\":\"1-2\",\"title_grid_breakpoint\":\"m\",\"meta_style\":\"h3\",\"meta_align\":\"above-title\",\"meta_element\":\"div\",\"content_column_breakpoint\":\"m\",\"icon_width\":80,\"image_align\":\"left\",\"image_grid_width\":\"1-2\",\"image_grid_breakpoint\":\"s\",\"image_svg_color\":\"emphasis\",\"link_text\":\"Read More\",\"link_style\":\"text\",\"margin\":\"default\",\"slidenav_color\":\"\",\"image_width\":\"900\",\"container_padding_remove\":true,\"panel_link\":false,\"title_margin\":\"small\",\"title_link\":true,\"image_link\":true,\"slider_width_small\":\"\",\"nav_margin\":\"medium\",\"panel_card_offset\":true,\"meta_margin\":\"remove\",\"slider_center\":false,\"slider_sets\":true,\"link_margin\":\"large\",\"title_style\":\"lead\",\"image_vertical_align\":true,\"id\":\"panel-slider-image-left\",\"image_grid_column_gap\":\"large\",\"panel_image_no_padding\":true,\"title_decoration\":\"line\"},\"children\":[{\"type\":\"panel-slider_item\",\"props\":{\"title\":\"Scop\",\"image\":\"wp-content\\\/uploads\\\/workshopuri.jpg\",\"image_alt\":\"Workshopuri\",\"link\":\"#\",\"meta\":\"Workshopuri tematice\",\"content\":\"\n\n<p><span>Organizate cu scopul de a aduce \\u00eempreun\\u0103 oameni care vor s\\u0103 aprofundeze anumite teme \\u00eentr-un cadru interactiv \\u0219i inspira\\u021bional, po\\u021bi participa la Atelierele motiva\\u021bionale, de dezvoltare personal\\u0103, ateliere despre rela\\u021bia de cuplu, despre rela\\u021bia p\\u0103rinte-copil, ateliere pentru dezvoltarea inteligen\\u021bei emo\\u021bionale, a celei rela\\u021bionale, tehnici de terapie psihosomatic\\u0103, \\u00eent\\u00e2lniri de teambuilding, etc.<\\\/span><\\\/p>\"}}],\"meta\":{\"type\":\"panel-slider\",\"website\":\"elements\",\"image\":\"https:\\\/\\\/downloads-yootheme.storage.googleapis.com\\\/library\\\/elements\\\/elements\\\/panel-slider-image-left.jpg\"},\"images\":[{\"src\":\"wp-content\\\/themes\\\/yootheme\\\/vendor\\\/yootheme\\\/theme\\\/assets\\\/images\\\/element-image-placeholder.png\",\"md5\":\"6555f32e19400dcf6e46c7590150ea19\"},{\"src\":\"wp-content\\\/themes\\\/yootheme\\\/vendor\\\/yootheme\\\/theme\\\/assets\\\/images\\\/element-image-placeholder.png\",\"md5\":\"93d3d2d3aa9ff7ebb64a53529aba5636\"},{\"src\":\"wp-content\\\/themes\\\/yootheme\\\/vendor\\\/yootheme\\\/theme\\\/assets\\\/images\\\/element-image-placeholder.png\",\"md5\":\"0a04ed8d25f28d74db219ca32873319d\"},{\"src\":\"wp-content\\\/themes\\\/yootheme\\\/vendor\\\/yootheme\\\/theme\\\/assets\\\/images\\\/element-image-placeholder.png\",\"md5\":\"05efede3b866c7dbbc2f3107bc3beea5\"},{\"src\":\"wp-content\\\/themes\\\/yootheme\\\/vendor\\\/yootheme\\\/theme\\\/assets\\\/images\\\/element-image-placeholder.png\",\"md5\":\"64c25de2b31c47770b71e115f1b98627\"}]}]}]}]}],\"version\":\"2.7.4\"} --><\/p>\n","protected":false},"excerpt":{"rendered":"<p>Workshopuri tematice Energia min\u021bii reprezint\u0103 esen\u021ba vie\u021bii. Aristotel Scop Workshopuri tematice Organizate cu scopul de a aduce \u00eempreun\u0103 oameni care vor s\u0103 aprofundeze anumite teme \u00eentr-un cadru interactiv \u0219i inspira\u021bional, po\u021bi participa la Atelierele motiva\u021bionale, de dezvoltare personal\u0103, ateliere despre rela\u021bia de cuplu, despre rela\u021bia p\u0103rinte-copil, ateliere pentru dezvoltarea inteligen\u021bei emo\u021bionale, a celei rela\u021bionale, tehnici [&hellip;]<\/p>\n","protected":false},"author":2,"featured_media":0,"parent":0,"menu_order":0,"comment_status":"closed","ping_status":"closed","template":"","meta":{"footnotes":""},"class_list":["post-1136","page","type-page","status-publish","hentry"],"_links":{"self":[{"href":"https:\/\/lacrimioaramezei.ro\/en\/wp-json\/wp\/v2\/pages\/1136","targetHints":{"allow":["GET"]}}],"collection":[{"href":"https:\/\/lacrimioaramezei.ro\/en\/wp-json\/wp\/v2\/pages"}],"about":[{"href":"https:\/\/lacrimioaramezei.ro\/en\/wp-json\/wp\/v2\/types\/page"}],"author":[{"embeddable":true,"href":"https:\/\/lacrimioaramezei.ro\/en\/wp-json\/wp\/v2\/users\/2"}],"replies":[{"embeddable":true,"href":"https:\/\/lacrimioaramezei.ro\/en\/wp-json\/wp\/v2\/comments?post=1136"}],"version-history":[{"count":3,"href":"https:\/\/lacrimioaramezei.ro\/en\/wp-json\/wp\/v2\/pages\/1136\/revisions"}],"predecessor-version":[{"id":1144,"href":"https:\/\/lacrimioaramezei.ro\/en\/wp-json\/wp\/v2\/pages\/1136\/revisions\/1144"}],"wp:attachment":[{"href":"https:\/\/lacrimioaramezei.ro\/en\/wp-json\/wp\/v2\/media?parent=1136"}],"curies":[{"name":"wp","href":"https:\/\/api.w.org\/{rel}","templated":true}]}}