{"id":1201,"date":"2022-07-10T01:16:28","date_gmt":"2022-07-09T22:16:28","guid":{"rendered":"https:\/\/lacrimioaramezei.ro\/?page_id=1201"},"modified":"2022-07-10T03:34:58","modified_gmt":"2022-07-10T00:34:58","slug":"consiliere-parentala","status":"publish","type":"page","link":"https:\/\/lacrimioaramezei.ro\/en\/consiliere-parentala\/","title":{"rendered":"Consiliere parental\u0103"},"content":{"rendered":"<blockquote>\n<p>    Energia min\u021bii reprezint\u0103 esen\u021ba vie\u021bii.<\/p>\n<footer>\n<p>                <cite>Aristotel<\/cite><\/p>\n<\/footer>\n<\/blockquote>\n<p><img decoding=\"async\" src=\"\/wp-content\/uploads\/parental.jpg\" alt=\"Bussines coaching\"><\/p>\n<div>\n<p>Consilierea parental\u0103 se adreseaz\u0103 oric\u0103rui p\u0103rinte care are nevoie de direc\u021bii \u00een privin\u021ba strategiilor de educare si crestere a copilului.<\/p>\n<p>Este un serviciu de suport, de ghidare sau de \u00eenv\u0103\u021bare oferit p\u0103rin\u021bilor, organiz\u00e2ndu-se at\u00e2t \u00een mod individual, cu ambii p\u0103rin\u021bi (inclusiv p\u0103rin\u021bi separa\u021bi sau divor\u021ba\u021bi care au nevoie de suport \u00een a p\u0103stra \u00een armonie leg\u0103tura p\u0103rinte-p\u0103rinte) sau in grup. Are ca scop oferirea de informa\u021bii, instrumente \u0219i suportul emo\u021bional de care ai nevoie pentru a te sus\u021bine \u0219i a te ajuta \u00een procesul de parenting.<\/p>\n<\/div>\n<p>\n    <a href=\"\/contact\/\">Programeaz\u0103 o \u0219edin\u021b\u0103<\/a>\n<\/p>\n<p><!--more--><br \/>\n<!-- {\"name\":\"Consiliere premarital\\u0103\",\"type\":\"layout\",\"children\":[{\"name\":\"Hero 2\",\"type\":\"section\",\"props\":{\"width\":\"default\",\"style\":\"default\",\"text_color\":\"light\",\"media\":\"images\\\/home-header.jpg\",\"height_viewport\":true,\"header_overlay\":\"light\",\"image\":\"wp-content\\\/uploads\\\/parental-02.jpg\",\"media_advanced\":true,\"image_size\":\"width-1-1\",\"media_background\":\"#fff\",\"media_overlay\":null,\"height\":\"expand\",\"animation\":\"fade\",\"image_fixed\":false,\"image_position\":\"top-center\",\"vertical_align\":\"middle\",\"title_position\":\"top-left\",\"title_rotation\":\"left\",\"title_breakpoint\":\"xl\",\"overlap\":false},\"children\":[{\"name\":\"\",\"type\":\"row\",\"props\":{\"margin\":\"large\",\"column_gap\":\"large\",\"row_gap\":\"large\"},\"children\":[{\"name\":\"\",\"type\":\"column\",\"props\":{\"image_position\":\"center-center\",\"media_overlay_gradient\":\"\",\"width_medium\":\"1-1\",\"position_sticky_breakpoint\":\"m\"},\"children\":[{\"name\":\"\",\"type\":\"headline\",\"props\":{\"title_element\":\"h2\",\"maxwidth\":\"xlarge\",\"animation\":\"slide-left-medium\",\"margin_remove_bottom\":true,\"title_decoration\":\"divider\"},\"source\":{\"query\":{\"name\":\"pages.singlePage\"},\"props\":{\"content\":{\"filters\":{\"search\":\"\"},\"name\":\"title\"}}}},{\"type\":\"quotation\",\"props\":{\"content\":\"Energia min\\u021bii reprezint\\u0103 esen\\u021ba vie\\u021bii.\",\"author\":\"Aristotel\",\"margin_remove_top\":true,\"text_align\":\"left\",\"maxwidth\":\"xlarge\",\"animation\":\"slide-left-medium\"}}]}]}]},{\"name\":\"Services\",\"type\":\"section\",\"props\":{\"style\":\"default\",\"width\":\"default\",\"image_size\":\"cover\",\"padding_remove_top\":false,\"padding\":\"large\",\"vertical_align\":\"middle\",\"title_position\":\"top-left\",\"title_rotation\":\"left\",\"title_breakpoint\":\"xl\",\"image_position\":\"center-center\"},\"children\":[{\"name\":\"\",\"type\":\"row\",\"props\":{\"layout\":\"1-2,1-2\",\"column_gap\":\"large\",\"row_gap\":\"large\"},\"children\":[{\"name\":\"\",\"type\":\"column\",\"props\":{\"image_position\":\"center-center\",\"media_overlay_gradient\":\"\",\"width_medium\":\"1-2\",\"position_sticky_breakpoint\":\"m\"},\"children\":[{\"name\":\"\",\"type\":\"image\",\"props\":{\"margin\":\"default\",\"image\":\"wp-content\\\/uploads\\\/parental.jpg\",\"image_alt\":\"Bussines coaching\",\"image_width\":\"900\",\"image_svg_color\":\"emphasis\"}}]},{\"name\":\"\",\"type\":\"column\",\"props\":{\"image_position\":\"center-center\",\"media_overlay_gradient\":\"\",\"width_medium\":\"1-2\",\"position_sticky_breakpoint\":\"m\"},\"children\":[{\"name\":\"\",\"type\":\"headline\",\"props\":{\"title_element\":\"h3\",\"title_decoration\":\"line\",\"title_style\":\"h3\"},\"source\":{\"query\":{\"name\":\"pages.singlePage\"},\"props\":{\"content\":{\"filters\":{\"search\":\"\"},\"name\":\"title\"}}}},{\"name\":\"\",\"type\":\"text\",\"props\":{\"margin\":\"default\",\"column_breakpoint\":\"m\",\"content\":\"\n\n<p>Consilierea parental\\u0103 se adreseaz\\u0103 oric\\u0103rui p\\u0103rinte care are nevoie de direc\\u021bii \\u00een privin\\u021ba strategiilor de educare si crestere a copilului.<br \\\/><br \\\/>Este un serviciu de suport, de ghidare sau de \\u00eenv\\u0103\\u021bare oferit p\\u0103rin\\u021bilor, organiz\\u00e2ndu-se at\\u00e2t \\u00een mod individual, cu ambii p\\u0103rin\\u021bi (inclusiv p\\u0103rin\\u021bi separa\\u021bi sau divor\\u021ba\\u021bi care au nevoie de suport \\u00een a p\\u0103stra \\u00een armonie leg\\u0103tura p\\u0103rinte-p\\u0103rinte) sau in grup. Are ca scop oferirea de informa\\u021bii, instrumente \\u0219i suportul emo\\u021bional de care ai nevoie pentru a te sus\\u021bine \\u0219i a te ajuta \\u00een procesul de parenting.<\\\/p>\",\"text_align\":\"justify\"}},{\"name\":\"\",\"type\":\"button\",\"props\":{\"margin\":\"default\",\"grid_column_gap\":\"small\",\"grid_row_gap\":\"small\"},\"children\":[{\"name\":\"\",\"type\":\"button_item\",\"props\":{\"button_style\":\"text\",\"content\":\"Programeaz\\u0103 o \\u0219edin\\u021b\\u0103\",\"link\":\"contact\\\/\",\"link_title\":\"\",\"icon_align\":\"left\"}}]}]}]}]}],\"version\":\"2.7.22\"} --><\/p>\n","protected":false},"excerpt":{"rendered":"<p>Energia min\u021bii reprezint\u0103 esen\u021ba vie\u021bii. Aristotel Consilierea parental\u0103 se adreseaz\u0103 oric\u0103rui p\u0103rinte care are nevoie de direc\u021bii \u00een privin\u021ba strategiilor de educare si crestere a copilului. Este un serviciu de suport, de ghidare sau de \u00eenv\u0103\u021bare oferit p\u0103rin\u021bilor, organiz\u00e2ndu-se at\u00e2t \u00een mod individual, cu ambii p\u0103rin\u021bi (inclusiv p\u0103rin\u021bi separa\u021bi sau divor\u021ba\u021bi care au nevoie de [&hellip;]<\/p>\n","protected":false},"author":3,"featured_media":0,"parent":0,"menu_order":0,"comment_status":"closed","ping_status":"closed","template":"","meta":{"footnotes":""},"class_list":["post-1201","page","type-page","status-publish","hentry"],"_links":{"self":[{"href":"https:\/\/lacrimioaramezei.ro\/en\/wp-json\/wp\/v2\/pages\/1201","targetHints":{"allow":["GET"]}}],"collection":[{"href":"https:\/\/lacrimioaramezei.ro\/en\/wp-json\/wp\/v2\/pages"}],"about":[{"href":"https:\/\/lacrimioaramezei.ro\/en\/wp-json\/wp\/v2\/types\/page"}],"author":[{"embeddable":true,"href":"https:\/\/lacrimioaramezei.ro\/en\/wp-json\/wp\/v2\/users\/3"}],"replies":[{"embeddable":true,"href":"https:\/\/lacrimioaramezei.ro\/en\/wp-json\/wp\/v2\/comments?post=1201"}],"version-history":[{"count":3,"href":"https:\/\/lacrimioaramezei.ro\/en\/wp-json\/wp\/v2\/pages\/1201\/revisions"}],"predecessor-version":[{"id":1224,"href":"https:\/\/lacrimioaramezei.ro\/en\/wp-json\/wp\/v2\/pages\/1201\/revisions\/1224"}],"wp:attachment":[{"href":"https:\/\/lacrimioaramezei.ro\/en\/wp-json\/wp\/v2\/media?parent=1201"}],"curies":[{"name":"wp","href":"https:\/\/api.w.org\/{rel}","templated":true}]}}