{"id":1203,"date":"2022-07-10T01:17:14","date_gmt":"2022-07-09T22:17:14","guid":{"rendered":"https:\/\/lacrimioaramezei.ro\/?page_id=1203"},"modified":"2022-07-10T01:29:42","modified_gmt":"2022-07-09T22:29:42","slug":"consiliere-premaritala","status":"publish","type":"page","link":"https:\/\/lacrimioaramezei.ro\/en\/consiliere-premaritala\/","title":{"rendered":"Consiliere premarital\u0103"},"content":{"rendered":"<blockquote>\n<p>    Energia min\u021bii reprezint\u0103 esen\u021ba vie\u021bii.<\/p>\n<footer>\n<p>                <cite>Aristotel<\/cite><\/p>\n<\/footer>\n<\/blockquote>\n<p><img decoding=\"async\" src=\"\/wp-content\/uploads\/premaritala.jpg\" alt=\"Bussines coaching\"><\/p>\n<div>\u0218edin\u021bele de consiliere premarital\u0103 ofer\u0103 cadrul potrivit pentru a descoperi care sunt nevoile, a\u0219tept\u0103rile \u0219i p\u0103rerile partenerilor fa\u021b\u0103 de aspecte ce \u021bin de parcursul vie\u021bii \u00een doi. Este indicat\u0103 acelora care doresc s\u0103 comunice c\u00e2t mai direct \u015fi mai deschis. Cuplul \u00eenva\u021b\u0103 deprinderi de rezolvare a conflictelor, metode de a-\u0219i identifica nevoile emo\u021bionale, precum \u0219i punctele tari ale rela\u0163iei lor &#8211; ca \u015fi resurse pentru a dep\u0103\u015fi dificult\u0103\u0163i.<\/p>\n<p>Consilierea premarital\u0103 pune accent pe dezvoltarea \u015fi \u00eembun\u0103t\u0103\u0163irea rela\u0163iei celor doi, pe \u00eenv\u0103\u0163area unor abilit\u0103\u0163i de comunicare s\u0103n\u0103toas\u0103 \u00een cuplu, pe cunoa\u015fterea factorilor care duc la satisfac\u0163ie marital\u0103.<\/p>\n<p>De obicei, e nevoie de c\u00e2teva \u0219edin\u021be pentru a aduce la lumin\u0103 toat\u0103 aspectele legate de viitoarea c\u0103snicie, dar chiar \u0219i o singur\u0103 \u0219edin\u021b\u0103 poate fi uneori edificatoare.\n<\/p><\/div>\n<p>\n    <a href=\"\/contact\/\">Programeaz\u0103 o \u0219edin\u021b\u0103<\/a>\n<\/p>\n<p><!--more--><br \/>\n<!-- {\"name\":\"Bussines coaching\",\"type\":\"layout\",\"children\":[{\"name\":\"Hero 2\",\"type\":\"section\",\"props\":{\"width\":\"default\",\"style\":\"default\",\"text_color\":\"light\",\"media\":\"images\\\/home-header.jpg\",\"height_viewport\":true,\"header_overlay\":\"light\",\"image\":\"wp-content\\\/uploads\\\/premaritala-01.jpg\",\"media_advanced\":true,\"image_size\":\"cover\",\"media_background\":\"#fff\",\"media_overlay\":null,\"height\":\"expand\",\"animation\":\"fade\",\"image_fixed\":false,\"image_position\":\"top-center\",\"vertical_align\":\"middle\",\"title_position\":\"top-left\",\"title_rotation\":\"left\",\"title_breakpoint\":\"xl\",\"overlap\":false},\"children\":[{\"name\":\"\",\"type\":\"row\",\"props\":{\"margin\":\"large\",\"column_gap\":\"large\",\"row_gap\":\"large\"},\"children\":[{\"name\":\"\",\"type\":\"column\",\"props\":{\"image_position\":\"center-center\",\"media_overlay_gradient\":\"\",\"width_medium\":\"1-1\",\"position_sticky_breakpoint\":\"m\"},\"children\":[{\"name\":\"\",\"type\":\"headline\",\"props\":{\"title_element\":\"h2\",\"maxwidth\":\"xlarge\",\"animation\":\"slide-left-medium\",\"margin_remove_bottom\":true,\"title_decoration\":\"divider\"},\"source\":{\"query\":{\"name\":\"pages.singlePage\"},\"props\":{\"content\":{\"filters\":{\"search\":\"\"},\"name\":\"title\"}}}},{\"type\":\"quotation\",\"props\":{\"content\":\"Energia min\\u021bii reprezint\\u0103 esen\\u021ba vie\\u021bii.\",\"author\":\"Aristotel\",\"margin_remove_top\":true,\"text_align\":\"left\",\"maxwidth\":\"xlarge\",\"animation\":\"slide-left-medium\"}}]}]}]},{\"name\":\"Services\",\"type\":\"section\",\"props\":{\"style\":\"default\",\"width\":\"default\",\"image_size\":\"cover\",\"padding_remove_top\":false,\"padding\":\"large\",\"vertical_align\":\"middle\",\"title_position\":\"top-left\",\"title_rotation\":\"left\",\"title_breakpoint\":\"xl\",\"image_position\":\"center-center\"},\"children\":[{\"name\":\"\",\"type\":\"row\",\"props\":{\"layout\":\"1-2,1-2\",\"column_gap\":\"large\",\"row_gap\":\"large\"},\"children\":[{\"name\":\"\",\"type\":\"column\",\"props\":{\"image_position\":\"center-center\",\"media_overlay_gradient\":\"\",\"width_medium\":\"1-2\",\"position_sticky_breakpoint\":\"m\"},\"children\":[{\"name\":\"\",\"type\":\"image\",\"props\":{\"margin\":\"default\",\"image\":\"wp-content\\\/uploads\\\/premaritala.jpg\",\"image_alt\":\"Bussines coaching\",\"image_width\":\"900\",\"image_svg_color\":\"emphasis\"}}]},{\"name\":\"\",\"type\":\"column\",\"props\":{\"image_position\":\"center-center\",\"media_overlay_gradient\":\"\",\"width_medium\":\"1-2\",\"position_sticky_breakpoint\":\"m\"},\"children\":[{\"name\":\"\",\"type\":\"headline\",\"props\":{\"title_element\":\"h3\",\"title_decoration\":\"line\",\"title_style\":\"h3\"},\"source\":{\"query\":{\"name\":\"pages.singlePage\"},\"props\":{\"content\":{\"filters\":{\"search\":\"\"},\"name\":\"title\"}}}},{\"name\":\"\",\"type\":\"text\",\"props\":{\"margin\":\"default\",\"column_breakpoint\":\"m\",\"content\":\"\\u0218edin\\u021bele de consiliere premarital\\u0103 ofer\\u0103 cadrul potrivit pentru a descoperi care sunt nevoile, a\\u0219tept\\u0103rile \\u0219i p\\u0103rerile partenerilor fa\\u021b\\u0103 de aspecte ce \\u021bin de parcursul vie\\u021bii \\u00een doi. Este indicat\\u0103 acelora care doresc s\\u0103 comunice c\\u00e2t mai direct \\u015fi mai deschis. Cuplul \\u00eenva\\u021b\\u0103 deprinderi de rezolvare a conflictelor, metode de a-\\u0219i identifica nevoile emo\\u021bionale, precum \\u0219i punctele tari ale rela\\u0163iei lor - ca \\u015fi resurse pentru a dep\\u0103\\u015fi dificult\\u0103\\u0163i.\n\n\\nConsilierea premarital\\u0103 pune accent pe dezvoltarea \\u015fi \\u00eembun\\u0103t\\u0103\\u0163irea rela\\u0163iei celor doi, pe \\u00eenv\\u0103\\u0163area unor abilit\\u0103\\u0163i de comunicare s\\u0103n\\u0103toas\\u0103 \\u00een cuplu, pe cunoa\\u015fterea factorilor care duc la satisfac\\u0163ie marital\\u0103.\n\n\\nDe obicei, e nevoie de c\\u00e2teva \\u0219edin\\u021be pentru a aduce la lumin\\u0103 toat\\u0103 aspectele legate de viitoarea c\\u0103snicie, dar chiar \\u0219i o singur\\u0103 \\u0219edin\\u021b\\u0103 poate fi uneori edificatoare.\\n\",\"text_align\":\"justify\"}},{\"name\":\"\",\"type\":\"button\",\"props\":{\"margin\":\"default\",\"grid_column_gap\":\"small\",\"grid_row_gap\":\"small\"},\"children\":[{\"name\":\"\",\"type\":\"button_item\",\"props\":{\"button_style\":\"text\",\"content\":\"Programeaz\\u0103 o \\u0219edin\\u021b\\u0103\",\"link\":\"contact\\\/\",\"link_title\":\"\",\"icon_align\":\"left\"}}]}]}]}]}],\"version\":\"2.7.22\"} --><\/p>\n","protected":false},"excerpt":{"rendered":"<p>Energia min\u021bii reprezint\u0103 esen\u021ba vie\u021bii. Aristotel \u0218edin\u021bele de consiliere premarital\u0103 ofer\u0103 cadrul potrivit pentru a descoperi care sunt nevoile, a\u0219tept\u0103rile \u0219i p\u0103rerile partenerilor fa\u021b\u0103 de aspecte ce \u021bin de parcursul vie\u021bii \u00een doi. Este indicat\u0103 acelora care doresc s\u0103 comunice c\u00e2t mai direct \u015fi mai deschis. Cuplul \u00eenva\u021b\u0103 deprinderi de rezolvare a conflictelor, metode de [&hellip;]<\/p>\n","protected":false},"author":3,"featured_media":0,"parent":0,"menu_order":0,"comment_status":"closed","ping_status":"closed","template":"","meta":{"footnotes":""},"class_list":["post-1203","page","type-page","status-publish","hentry"],"_links":{"self":[{"href":"https:\/\/lacrimioaramezei.ro\/en\/wp-json\/wp\/v2\/pages\/1203","targetHints":{"allow":["GET"]}}],"collection":[{"href":"https:\/\/lacrimioaramezei.ro\/en\/wp-json\/wp\/v2\/pages"}],"about":[{"href":"https:\/\/lacrimioaramezei.ro\/en\/wp-json\/wp\/v2\/types\/page"}],"author":[{"embeddable":true,"href":"https:\/\/lacrimioaramezei.ro\/en\/wp-json\/wp\/v2\/users\/3"}],"replies":[{"embeddable":true,"href":"https:\/\/lacrimioaramezei.ro\/en\/wp-json\/wp\/v2\/comments?post=1203"}],"version-history":[{"count":3,"href":"https:\/\/lacrimioaramezei.ro\/en\/wp-json\/wp\/v2\/pages\/1203\/revisions"}],"predecessor-version":[{"id":1215,"href":"https:\/\/lacrimioaramezei.ro\/en\/wp-json\/wp\/v2\/pages\/1203\/revisions\/1215"}],"wp:attachment":[{"href":"https:\/\/lacrimioaramezei.ro\/en\/wp-json\/wp\/v2\/media?parent=1203"}],"curies":[{"name":"wp","href":"https:\/\/api.w.org\/{rel}","templated":true}]}}