{"id":20,"date":"2016-09-13T13:16:23","date_gmt":"2016-09-13T10:16:23","guid":{"rendered":"http:\/\/localhost\/themes\/Pro\/Joline\/Website_WP\/index.php\/about\/"},"modified":"2023-03-11T15:11:25","modified_gmt":"2023-03-11T12:11:25","slug":"despre-mine","status":"publish","type":"page","link":"https:\/\/lacrimioaramezei.ro\/en\/despre-mine\/","title":{"rendered":"Despre mine"},"content":{"rendered":"<h2>Despre mine<\/h2>\n<h2>L\u0103crimioara Mezei este psiholog \u0219i psihoterapeut de cuplu \u0219i familie acreditat de Colegiul Psihologilor din Rom\u00e2nia. Este, de asemenea, trainer cu acreditare interna\u021bional\u0103 \u00een Programul de Parenting \u201eCircle of Security International\u201d \u0219i coach.<\/h2>\n<div>Dezvoltarea personal\u0103 \u0219i profesional\u0103 a acesteia implic\u0103 mai bine de 15 ani de studii  prin care reu\u0219e\u0219te s\u0103 aduc\u0103 un concept unic \u00een cabinetul s\u0103u, pornind de la coaching individual, merg\u00e2nd mai departe p\u00e2n\u0103 la terapie individual\u0103, de cuplu sau familie, consiliere parental\u0103, curs de parenting dar \u0219i business coaching. <\/div>\n<div>\n<ul class=\"uk-list\">\n<li><span uk-icon=\"icon: check\"><\/span><br \/>\n A absolvit Facultatea de Psihologie \u0219i pe l\u00e2ng\u0103 aceasta, a urmat dubl\u0103 specializare \u00een Psihoterapie sistemic\u0103 de cuplu \u0219i familie, dar \u0219i EFT (Emotionally Focused Therapy). Preg\u0103tirea sa \u00een domeniul Psihologiei implic\u0103 \u0219i numeroase alte cursuri de perfec\u021bionare ce \u021bintesc probleme specifice at\u00e2t ale adultului, cuplului \u0219i familiei, c\u00e2t \u0219i ale copilului.<\/li>\n<p><\/p>\n<li><span uk-icon=\"icon: check\"><\/span><br \/>\n \u00cen primele etape ale dezvolt\u0103rii sale profesionale continue, a absolvit \u0219i Facultatea de Drept, precum \u0219i master \u00een drept, continu\u00e2nd s\u0103 studieze \u0219i teme de mare impact, cum ar fi efectele exploat\u0103rii \u0219i victimiz\u0103rii asupra copiilor \u0219i femeilor.<\/li>\n<\/ul>\n<\/div>\n<div>Mai mult, L\u0103crimioara a ob\u021binut certific\u0103ri \u00een domeniul combaterii traficului de persoane, combaterea corup\u021biei, conducere etic\u0103 \u0219i leadership, precum \u0219i diverse alte certific\u0103ri privind comportamente specifice individuale, de grup \u0219i societate, analiz\u0103 comportamental\u0103, probleme de comunicare \u0219i atitudine profesional\u0103, etc. Ani de zile a fost angajat\u0103 \u00een \u00eembun\u0103t\u0103\u021birea parteneriatelor sociale, identificarea tipologiilor victimelor \u0219i reducerea victimiz\u0103rii, prevenirea violen\u021bei \u00een familie \u0219i a delincven\u021bei juvenile. <\/div>\n<hr>\n<div>\n<p>L\u0103crimioara a finalizat \u201eHilton Global Freedom Exchange\u201d \u0219i Programul de perfec\u021bionare de 2 ani al Vital Voices Global Partnership \u201eLead Fellowship Program\u201d \u00een Statele Unite. Cel din urm\u0103 este un program exclusivist, la care particip\u0103 un num\u0103r restr\u00e2ns de persoane selectate din \u00eentreaga lume, dedicat dob\u00e2ndirii abilit\u0103\u021bilor, cuno\u0219tin\u021belor \u0219i instrumentelor necesare \u00een domeniul coaching, leadership \u0219i management.<\/p>\n<p>A activat ca trainer pentru organiza\u021bia interna\u021bional\u0103 Vital Voices Global Partnership \u00een Camerun, Africa. Totodat\u0103, a activat \u0219i ca formator, trainer \u0219i consultant de-a lungul carierei sale profesionale.<\/p>\n<\/div>\n<hr>\n<p><iframe src=\"https:\/\/youtu.be\/EPiYUK-7fzw\"><\/iframe><\/p>\n<div>\n<p>L\u0103crimioara consider\u0103 c\u0103 familiile s\u0103n\u0103toase sunt nucleul esen\u021bial al dezvolt\u0103rii individuale armonioase \u0219i a unei societ\u0103\u021bi s\u0103n\u0103toase. Dragostea, sprijinul \u0219i un cadru de valori \u00eemp\u0103rt\u0103\u0219it de fiecare dintre membrii s\u0103i conduc spre un cuplu sinergic \u0219i p\u0103rin\u021bi capabili s\u0103 ofere mediul necesar pentru dezvoltarea armonioas\u0103 a copiilor. <\/p>\n<p>\u00cens\u0103 a fi \u00een armonie cu propria persoan\u0103 este esen\u021bial pentru cultivarea unei rela\u021bii de cuplu durabile, dar \u0219i a unei rela\u021bii puternice \u0219i s\u0103n\u0103toase cu copilul \u0219i mai departe cu colegii \u0219i alte persoane semnificative din via\u021ba fiec\u0103ruia. \u0218i invers, insatisfac\u021biile profesionale, conflictele din rela\u021bia de cuplu sau \u00een rela\u021bia p\u0103rinte-copil pericliteaz\u0103 starea de echilibru a fiec\u0103rui individ. De aceea, L\u0103crimioara lucreaz\u0103 cu indivizi, cupluri, p\u0103rin\u021bi \u0219i familii pentru a aborda nevoile personale, dar \u0219i cele reciproce, pornind de la atingerea obiectivelor personale, de cuplu \u0219i profesionale, pentru a ajunge la o via\u021b\u0103 caracterizat\u0103 prin armonie, satisfac\u021bie \u0219i echilibru.<\/p>\n<\/div>\n<blockquote>\n<p>    \u201cDeci sunt alt om. \u0218i b\u0103ie\u021belul deja e altfel. Mi se p\u0103rea ceva neobi\u0219nuit s\u0103 \u00eenv\u0103\u021b despre rela\u021bia cu copilul. Cursul t\u0103u ne-a schimbat via\u021ba tuturor, cred acum cu t\u0103rie c\u0103 fiecare p\u0103rinte ar trebui s\u0103 \u00eel fac\u0103. Cred c\u0103 e cea mai bun\u0103 investi\u021bie EVER pentru copilul meu. Mul\u021bumesc din toat\u0103 inima pentru tot ce ne-ai \u00eenv\u0103\u021bat!\u201c <\/p>\n<footer>\n<p>                <cite>R. P. <\/cite><\/p>\n<\/footer>\n<\/blockquote>\n<blockquote>\n<p>    \u201cL\u0103cri, azi am avut parte de o surpriz\u0103 uria\u0219\u0103. M-au numit angajatul anului \u0219i\u2026totul \u021bi se datoreaz\u0103 \u021bie. \u00cenc\u0103 nu pot s\u0103 cred c\u0103 e adev\u0103rat, \u0219tii c\u0103 de ani de zile \u00eemi doream asta. M\u0103 bucur c\u0103 am apelat la tine \u0219i tot ce doar visam, \u00eentr-un timp at\u00e2t de scurt\u2026ai f\u0103cut posibil. \u00cempart cu tine reu\u0219ita asta \u0219i \u00ee\u021bi mul\u021bumesc infinit! \u201c <\/p>\n<footer>\n<p>                <cite>A. P. <\/cite><\/p>\n<\/footer>\n<\/blockquote>\n<blockquote>\n<p>    \u201cConsider c\u0103 nimic nu e \u00eent\u00e2mpl\u0103tor \u00een via\u021b\u0103 \u0219i am ajuns s\u0103 te cunosc \u00eentr-un moment \u00een care chiar aveam nevoie de ajutor, pot spune c\u0103 ai fost omul potrivit la locul potrivit. Via\u021ba mea s-a schimbat \u00een bine, \u0219edin\u021bele individuale \u0219i de grup m-au ajutat foarte mult s\u0103-mi g\u0103sesc acel echilibru, s\u0103 m\u0103 valorizez pe mine, s\u0103 con\u0219tientizez c\u0103 eu sunt cea mai important\u0103 persoan\u0103(f\u0103r\u0103 a fi egoist\u0103),s\u0103 m\u0103 iubesc \u0219i s\u0103 accept via\u021ba \u0219i destinul a\u0219a cum este de la Dumnezeu \u0219i s\u0103 m\u0103 bucur de fiecare clip\u0103 \u0219i zi din via\u021ba mea.\u201d <\/p>\n<footer>\n<p>                <cite>G.M.<\/cite><\/p>\n<\/footer>\n<\/blockquote>\n<p><!--more--><br \/>\n<!-- {\"name\":\"About\",\"type\":\"layout\",\"children\":[{\"name\":\"Hero\",\"type\":\"section\",\"props\":{\"animation\":\"fade\",\"header_overlay\":\"light\",\"height\":\"expand\",\"height_viewport\":true,\"image\":\"wp-content\\\/uploads\\\/home-v01.jpg\",\"image_fixed\":false,\"image_position\":\"bottom-center\",\"image_size\":\"cover\",\"image_width\":\"2500\",\"media\":\"images\\\/home-header.jpg\",\"media_advanced\":true,\"media_background\":\"#fff\",\"overlap\":false,\"padding\":\"large\",\"style\":\"default\",\"text_color\":\"light\",\"title_breakpoint\":\"xl\",\"title_position\":\"top-left\",\"title_rotation\":\"left\",\"vertical_align\":\"middle\",\"width\":\"default\"},\"children\":[{\"name\":\"\",\"type\":\"row\",\"props\":{\"column_gap\":\"large\",\"margin\":\"large\",\"row_gap\":\"large\"},\"children\":[{\"name\":\"\",\"type\":\"column\",\"props\":{\"image_position\":\"center-center\",\"media_overlay_gradient\":\"\",\"position_sticky_breakpoint\":\"m\",\"width_medium\":\"1-1\"},\"children\":[]}]}]},{\"name\":\"About us\",\"type\":\"section\",\"props\":{\"image_position\":\"center-center\",\"image_size\":\"cover\",\"padding\":\"large\",\"padding_remove_bottom\":false,\"style\":\"default\",\"title_breakpoint\":\"xl\",\"title_position\":\"top-left\",\"title_rotation\":\"left\",\"vertical_align\":\"middle\",\"width\":\"default\"},\"children\":[{\"name\":\"\",\"type\":\"row\",\"props\":{\"margin\":\"medium\"},\"children\":[{\"name\":\"\",\"type\":\"column\",\"props\":{\"image_position\":\"center-center\",\"media_overlay_gradient\":\"\",\"position_sticky_breakpoint\":\"m\",\"width_medium\":\"1-1\"},\"children\":[{\"name\":\"\",\"type\":\"headline\",\"props\":{\"animation\":\"slide-left-medium\",\"block_align\":\"center\",\"content\":\"Despre mine\",\"margin_remove_bottom\":true,\"maxwidth\":\"2xlarge\",\"text_align\":\"left\",\"title_decoration\":\"line\",\"title_element\":\"h2\",\"title_style\":\"h2\"}},{\"name\":\"\",\"type\":\"text\",\"props\":{\"block_align\":\"center\",\"column_breakpoint\":\"m\",\"content\":\"\",\"dropcap\":false,\"margin\":\"default\",\"margin_remove_top\":true,\"maxwidth\":\"2xlarge\",\"text_align\":\"left\"}},{\"name\":\"Headline\",\"type\":\"headline\",\"props\":{\"block_align\":\"center\",\"content\":\"L\\u0103crimioara Mezei este psiholog \\u0219i psihoterapeut de cuplu \\u0219i familie acreditat de Colegiul Psihologilor din Rom\\u00e2nia. Este, de asemenea, trainer cu acreditare interna\\u021bional\\u0103 \\u00een Programul de Parenting \\u201eCircle of Security International\\u201d \\u0219i coach.\",\"margin\":\"medium\",\"margin_remove_bottom\":false,\"margin_remove_top\":false,\"maxwidth\":\"2xlarge\",\"text_align\":\"left\",\"title_element\":\"h2\",\"title_style\":\"h3\"}},{\"name\":\"\",\"type\":\"text\",\"props\":{\"block_align\":\"center\",\"column_breakpoint\":\"m\",\"content\":\"Dezvoltarea personal\\u0103 \\u0219i profesional\\u0103 a acesteia implic\\u0103 mai bine de 15 ani de studii  prin care reu\\u0219e\\u0219te s\\u0103 aduc\\u0103 un concept unic \\u00een cabinetul s\\u0103u, pornind de la coaching individual, merg\\u00e2nd mai departe p\\u00e2n\\u0103 la terapie individual\\u0103, de cuplu sau familie, consiliere parental\\u0103, curs de parenting dar \\u0219i business coaching. \",\"margin\":\"default\",\"maxwidth\":\"2xlarge\",\"text_align\":\"left\"}},{\"name\":\"\",\"type\":\"text\",\"props\":{\"block_align\":\"center\",\"column_breakpoint\":\"m\",\"content\":\"\n\n<ul class=\\\"uk-list\\\">\\n\\n    \n\n<li><span uk-icon=\\\"icon: check\\\"><\\\/span>\\n A absolvit Facultatea de Psihologie \\u0219i pe l\\u00e2ng\\u0103 aceasta, a urmat dubl\\u0103 specializare \\u00een Psihoterapie sistemic\\u0103 de cuplu \\u0219i familie, dar \\u0219i EFT (Emotionally Focused Therapy). Preg\\u0103tirea sa \\u00een domeniul Psihologiei implic\\u0103 \\u0219i numeroase alte cursuri de perfec\\u021bionare ce \\u021bintesc probleme specifice at\\u00e2t ale adultului, cuplului \\u0219i familiei, c\\u00e2t \\u0219i ale copilului.<\\\/li><br \/>\\n\n\n<li><span uk-icon=\\\"icon: check\\\"><\\\/span>\\n \\u00cen primele etape ale dezvolt\\u0103rii sale profesionale continue, a absolvit \\u0219i Facultatea de Drept, precum \\u0219i master \\u00een drept, continu\\u00e2nd s\\u0103 studieze \\u0219i teme de mare impact, cum ar fi efectele exploat\\u0103rii \\u0219i victimiz\\u0103rii asupra copiilor \\u0219i femeilor.<\\\/li>\\n\\n<\\\/ul>\",\"margin\":\"default\",\"maxwidth\":\"2xlarge\",\"text_align\":\"left\"}},{\"name\":\"\",\"type\":\"text\",\"props\":{\"block_align\":\"center\",\"column_breakpoint\":\"m\",\"content\":\"Mai mult, L\\u0103crimioara a ob\\u021binut certific\\u0103ri \\u00een domeniul combaterii traficului de persoane, combaterea corup\\u021biei, conducere etic\\u0103 \\u0219i leadership, precum \\u0219i diverse alte certific\\u0103ri privind comportamente specifice individuale, de grup \\u0219i societate, analiz\\u0103 comportamental\\u0103, probleme de comunicare \\u0219i atitudine profesional\\u0103, etc. Ani de zile a fost angajat\\u0103 \\u00een \\u00eembun\\u0103t\\u0103\\u021birea parteneriatelor sociale, identificarea tipologiilor victimelor \\u0219i reducerea victimiz\\u0103rii, prevenirea violen\\u021bei \\u00een familie \\u0219i a delincven\\u021bei juvenile. \",\"margin\":\"default\",\"maxwidth\":\"2xlarge\",\"text_align\":\"left\"}}]}]},{\"type\":\"row\",\"props\":{\"margin_remove_bottom\":false},\"children\":[{\"type\":\"column\",\"props\":{\"image_position\":\"center-center\",\"media_overlay_gradient\":\"\",\"position_sticky_breakpoint\":\"m\",\"width_medium\":\"1-1\"},\"children\":[{\"type\":\"divider\",\"props\":{\"block_align\":\"center\",\"divider_align\":\"\",\"divider_align_breakpoint\":\"\",\"divider_align_fallback\":\"\",\"divider_element\":\"hr\",\"divider_style\":\"icon\",\"margin_remove_bottom\":false,\"maxwidth\":\"2xlarge\"}}]}]},{\"type\":\"row\",\"props\":{\"margin_remove_bottom\":true,\"margin_remove_top\":true,\"width\":\"default\"},\"children\":[{\"type\":\"column\",\"props\":{\"image_position\":\"center-center\",\"media_overlay_gradient\":\"\",\"position_sticky_breakpoint\":\"m\",\"style\":\"default\",\"width_medium\":\"1-1\"},\"children\":[{\"name\":\"\",\"type\":\"text\",\"props\":{\"block_align\":\"center\",\"column_breakpoint\":\"m\",\"content\":\"\n\n<p>L\\u0103crimioara a finalizat \\u201eHilton Global Freedom Exchange\\u201d \\u0219i Programul de perfec\\u021bionare de 2 ani al Vital Voices Global Partnership \\u201eLead Fellowship Program\\u201d \\u00een Statele Unite. Cel din urm\\u0103 este un program exclusivist, la care particip\\u0103 un num\\u0103r restr\\u00e2ns de persoane selectate din \\u00eentreaga lume, dedicat dob\\u00e2ndirii abilit\\u0103\\u021bilor, cuno\\u0219tin\\u021belor \\u0219i instrumentelor necesare \\u00een domeniul coaching, leadership \\u0219i management.<\\\/p>\\n\n\n<p>A activat ca trainer pentru organiza\\u021bia interna\\u021bional\\u0103 Vital Voices Global Partnership \\u00een Camerun, Africa. Totodat\\u0103, a activat \\u0219i ca formator, trainer \\u0219i consultant de-a lungul carierei sale profesionale.<\\\/p>\",\"margin\":\"default\",\"maxwidth\":\"2xlarge\",\"text_align\":\"left\"}}]}]},{\"type\":\"row\",\"props\":{\"margin_remove_top\":true},\"children\":[{\"type\":\"column\",\"props\":{\"image_position\":\"center-center\",\"media_overlay_gradient\":\"\",\"position_sticky_breakpoint\":\"m\",\"width_medium\":\"1-1\"},\"children\":[{\"type\":\"divider\",\"props\":{\"block_align\":\"center\",\"divider_align\":\"\",\"divider_align_breakpoint\":\"\",\"divider_align_fallback\":\"\",\"divider_element\":\"hr\",\"divider_style\":\"icon\",\"maxwidth\":\"2xlarge\"}}]}]},{\"type\":\"row\",\"children\":[{\"type\":\"column\",\"props\":{\"image_position\":\"center-center\",\"media_overlay_gradient\":\"\",\"position_sticky_breakpoint\":\"m\",\"width_medium\":\"1-1\"},\"children\":[{\"type\":\"video\",\"props\":{\"animation\":\"none\",\"block_align\":\"center\",\"margin\":\"default\",\"maxwidth\":\"2xlarge\",\"video\":\"https:\\\/\\\/youtu.be\\\/EPiYUK-7fzw\",\"video_box_decoration\":\"mask\",\"video_box_decoration_inverse\":false,\"video_box_shadow\":\"\",\"video_controls\":true,\"video_height\":\"1440\",\"video_width\":\"2560\"}},{\"name\":\"Headline\",\"type\":\"headline\",\"props\":{\"block_align\":\"center\",\"content\":\"\",\"margin\":\"medium\",\"margin_remove_bottom\":true,\"margin_remove_top\":false,\"maxwidth\":\"2xlarge\",\"text_align\":\"left\",\"title_element\":\"h2\",\"title_style\":\"h3\"}},{\"name\":\"\",\"type\":\"text\",\"props\":{\"block_align\":\"center\",\"column_breakpoint\":\"m\",\"content\":\"\n\n<p>L\\u0103crimioara consider\\u0103 c\\u0103 familiile s\\u0103n\\u0103toase sunt nucleul esen\\u021bial al dezvolt\\u0103rii individuale armonioase \\u0219i a unei societ\\u0103\\u021bi s\\u0103n\\u0103toase. Dragostea, sprijinul \\u0219i un cadru de valori \\u00eemp\\u0103rt\\u0103\\u0219it de fiecare dintre membrii s\\u0103i conduc spre un cuplu sinergic \\u0219i p\\u0103rin\\u021bi capabili s\\u0103 ofere mediul necesar pentru dezvoltarea armonioas\\u0103 a copiilor. <\\\/p>\\n\n\n<p>\\u00cens\\u0103 a fi \\u00een armonie cu propria persoan\\u0103 este esen\\u021bial pentru cultivarea unei rela\\u021bii de cuplu durabile, dar \\u0219i a unei rela\\u021bii puternice \\u0219i s\\u0103n\\u0103toase cu copilul \\u0219i mai departe cu colegii \\u0219i alte persoane semnificative din via\\u021ba fiec\\u0103ruia. \\u0218i invers, insatisfac\\u021biile profesionale, conflictele din rela\\u021bia de cuplu sau \\u00een rela\\u021bia p\\u0103rinte-copil pericliteaz\\u0103 starea de echilibru a fiec\\u0103rui individ. De aceea, L\\u0103crimioara lucreaz\\u0103 cu indivizi, cupluri, p\\u0103rin\\u021bi \\u0219i familii pentru a aborda nevoile personale, dar \\u0219i cele reciproce, pornind de la atingerea obiectivelor personale, de cuplu \\u0219i profesionale, pentru a ajunge la o via\\u021b\\u0103 caracterizat\\u0103 prin armonie, satisfac\\u021bie \\u0219i echilibru.<\\\/p>\\n\",\"margin\":\"default\",\"maxwidth\":\"2xlarge\",\"text_align\":\"left\"}}]}]}]},{\"type\":\"section\",\"props\":{\"image_position\":\"center-center\",\"style\":\"default\",\"title_breakpoint\":\"xl\",\"title_position\":\"top-left\",\"title_rotation\":\"left\",\"vertical_align\":\"middle\",\"width\":\"default\"},\"children\":[{\"type\":\"row\",\"children\":[{\"type\":\"column\",\"props\":{\"image_position\":\"center-center\",\"media_overlay_gradient\":\"\",\"position_sticky_breakpoint\":\"m\"},\"children\":[{\"name\":\"Quotation Author\",\"type\":\"quotation\",\"children\":null,\"props\":{\"author\":\"R. P. \",\"content\":\"\\u201cDeci sunt alt om. \\u0218i b\\u0103ie\\u021belul deja e altfel. Mi se p\\u0103rea ceva neobi\\u0219nuit s\\u0103 \\u00eenv\\u0103\\u021b despre rela\\u021bia cu copilul. Cursul t\\u0103u ne-a schimbat via\\u021ba tuturor, cred acum cu t\\u0103rie c\\u0103 fiecare p\\u0103rinte ar trebui s\\u0103 \\u00eel fac\\u0103. Cred c\\u0103 e cea mai bun\\u0103 investi\\u021bie EVER pentru copilul meu. Mul\\u021bumesc din toat\\u0103 inima pentru tot ce ne-ai \\u00eenv\\u0103\\u021bat!\\u201c \",\"footer\":\"\"}},{\"name\":\"Quotation Author\",\"type\":\"quotation\",\"children\":null,\"props\":{\"author\":\"A. P. \",\"content\":\"\\u201cL\\u0103cri, azi am avut parte de o surpriz\\u0103 uria\\u0219\\u0103. M-au numit angajatul anului \\u0219i\\u2026totul \\u021bi se datoreaz\\u0103 \\u021bie. \\u00cenc\\u0103 nu pot s\\u0103 cred c\\u0103 e adev\\u0103rat, \\u0219tii c\\u0103 de ani de zile \\u00eemi doream asta. M\\u0103 bucur c\\u0103 am apelat la tine \\u0219i tot ce doar visam, \\u00eentr-un timp at\\u00e2t de scurt\\u2026ai f\\u0103cut posibil. \\u00cempart cu tine reu\\u0219ita asta \\u0219i \\u00ee\\u021bi mul\\u021bumesc infinit! \\u201c \",\"footer\":\"\"}},{\"name\":\"Quotation Author\",\"type\":\"quotation\",\"children\":null,\"props\":{\"author\":\"G.M.\",\"content\":\"\\u201cConsider c\\u0103 nimic nu e \\u00eent\\u00e2mpl\\u0103tor \\u00een via\\u021b\\u0103 \\u0219i am ajuns s\\u0103 te cunosc \\u00eentr-un moment \\u00een care chiar aveam nevoie de ajutor, pot spune c\\u0103 ai fost omul potrivit la locul potrivit. Via\\u021ba mea s-a schimbat \\u00een bine, \\u0219edin\\u021bele individuale \\u0219i de grup m-au ajutat foarte mult s\\u0103-mi g\\u0103sesc acel echilibru, s\\u0103 m\\u0103 valorizez pe mine, s\\u0103 con\\u0219tientizez c\\u0103 eu sunt cea mai important\\u0103 persoan\\u0103(f\\u0103r\\u0103 a fi egoist\\u0103),s\\u0103 m\\u0103 iubesc \\u0219i s\\u0103 accept via\\u021ba \\u0219i destinul a\\u0219a cum este de la Dumnezeu \\u0219i s\\u0103 m\\u0103 bucur de fiecare clip\\u0103 \\u0219i zi din via\\u021ba mea.\\u201d \",\"footer\":\"\"}}]}]}]}],\"version\":\"3.0.25\"} --><\/p>\n","protected":false},"excerpt":{"rendered":"<p>Despre mine L\u0103crimioara Mezei este psiholog \u0219i psihoterapeut de cuplu \u0219i familie acreditat de Colegiul Psihologilor din Rom\u00e2nia. Este, de asemenea, trainer cu acreditare interna\u021bional\u0103 \u00een Programul de Parenting \u201eCircle of Security International\u201d \u0219i coach. Dezvoltarea personal\u0103 \u0219i profesional\u0103 a acesteia implic\u0103 mai bine de 15 ani de studii prin care reu\u0219e\u0219te s\u0103 aduc\u0103 un [&hellip;]<\/p>\n","protected":false},"author":2,"featured_media":0,"parent":0,"menu_order":4,"comment_status":"closed","ping_status":"closed","template":"","meta":{"footnotes":""},"class_list":["post-20","page","type-page","status-publish","hentry"],"_links":{"self":[{"href":"https:\/\/lacrimioaramezei.ro\/en\/wp-json\/wp\/v2\/pages\/20","targetHints":{"allow":["GET"]}}],"collection":[{"href":"https:\/\/lacrimioaramezei.ro\/en\/wp-json\/wp\/v2\/pages"}],"about":[{"href":"https:\/\/lacrimioaramezei.ro\/en\/wp-json\/wp\/v2\/types\/page"}],"author":[{"embeddable":true,"href":"https:\/\/lacrimioaramezei.ro\/en\/wp-json\/wp\/v2\/users\/2"}],"replies":[{"embeddable":true,"href":"https:\/\/lacrimioaramezei.ro\/en\/wp-json\/wp\/v2\/comments?post=20"}],"version-history":[{"count":3,"href":"https:\/\/lacrimioaramezei.ro\/en\/wp-json\/wp\/v2\/pages\/20\/revisions"}],"predecessor-version":[{"id":1278,"href":"https:\/\/lacrimioaramezei.ro\/en\/wp-json\/wp\/v2\/pages\/20\/revisions\/1278"}],"wp:attachment":[{"href":"https:\/\/lacrimioaramezei.ro\/en\/wp-json\/wp\/v2\/media?parent=20"}],"curies":[{"name":"wp","href":"https:\/\/api.w.org\/{rel}","templated":true}]}}