{"id":21,"date":"2016-09-13T13:16:53","date_gmt":"2016-09-13T10:16:53","guid":{"rendered":"http:\/\/localhost\/themes\/Pro\/Joline\/Website_WP\/index.php\/spots\/"},"modified":"2023-03-11T15:09:45","modified_gmt":"2023-03-11T12:09:45","slug":"acasa","status":"publish","type":"page","link":"https:\/\/lacrimioaramezei.ro\/en\/","title":{"rendered":"Acasa"},"content":{"rendered":"<p><img decoding=\"async\" src=\"\/wp-content\/uploads\/divider-1.svg\" alt=\"\"><\/p>\n<div><font color=\"#fff\">L\u0103crimioara Mezei<\/font><\/div>\n<h1><span style=\"color: #fff;\">Psiholog, psihoterapeut &amp; trainer cu acreditare interna\u021bional\u0103<\/span><\/h1>\n<p>\n    <a href=\"\/despre-mine\/\"><b>Cite\u0219te mai departe<\/b><\/a>\n<\/p>\n<p><img decoding=\"async\" src=\"\/wp-content\/uploads\/divider.svg\" alt=\"\"><\/p>\n<h2>L\u0103crimioara Mezei este psiholog \u0219i psihoterapeut de cuplu \u0219i familie acreditat de Colegiul Psihologilor din Rom\u00e2nia. Este, de asemenea, trainer cu acreditare interna\u021bional\u0103 \u00een Programul de Parenting \u201eCircle of Security International\u201d \u0219i coach.<br \/>\n<\/h2>\n<div>Dezvoltarea personal\u0103 \u0219i profesional\u0103 a acesteia implic\u0103 mai bine de 15 ani de studii prin care reu\u0219e\u0219te s\u0103 aduc\u0103 un concept unic \u00een cabinetul s\u0103u, pornind de la coaching individual, merg\u00e2nd mai departe p\u00e2n\u0103 la terapie individual\u0103, de cuplu sau familie, consiliere parental\u0103, curs de parenting dar \u0219i business coaching.<\/div>\n<p><img decoding=\"async\" src=\"\/wp-content\/uploads\/lm-logo-v22.svg\" alt=\"\"><br \/>\n<img decoding=\"async\" src=\"\/wp-content\/uploads\/lacrimioara-mezei.jpg\" alt=\"L\u0103crimioara Mezei\"><\/p>\n<div>A absolvit Facultatea de Psihologie \u0219i pe l\u00e2ng\u0103 aceasta, a urmat dubl\u0103 specializare \u00een Psihoterapie sistemic\u0103 de cuplu \u0219i familie, dar \u0219i EFT (Emotionally Focused Therapy). Preg\u0103tirea sa \u00een domeniul Psihologiei implic\u0103 \u0219i numeroase alte cursuri de perfec\u021bionare ce \u021bintesc probleme specifice at\u00e2t ale adultului, cuplului \u0219i familiei, c\u00e2t \u0219i ale copilului.<\/p>\n<\/div>\n<p>\n    <a href=\"\/despre-mine\/\">Detalii L\u0103crimioara MEZEI<\/a>\n<\/p>\n<h1>Podcast<\/h1>\n<p><iframe src=\"https:\/\/youtu.be\/EPiYUK-7fzw\"><\/iframe><\/p>\n<blockquote>\n<p>    \u201cVreau s\u0103-\u021bi mul\u021bumesc din toat\u0103 inima pentru tot ceea ce m-ai \u00eenv\u0103\u021bat. Pentru fiecare sfat, cuv\u00e2nt \u0219i suport. Pentru \u00een\u021belegere, speran\u021b\u0103 \u0219i credin\u021b\u0103. Ajutorul t\u0103u este de nepre\u021buit \u0219i foarte important pentru mine.\u201d <\/p>\n<footer>\n<p>                <cite>A.I.<\/cite><\/p>\n<\/footer>\n<\/blockquote>\n<blockquote>\n<p>    \u201cMul\u021bumim, L\u0103cri!E\u0219ti ca un far \u00een noapte!Ai HAR!Mi-ai luminat via\u021ba! Dumnezeu s\u0103 te binecuv\u00e2nteze, s\u0103-\u021bi dea s\u0103n\u0103tate \u0219i putere s\u0103 aduci lumina \u00een via\u021ba c\u00e2t mai multor oameni!\u201d <\/p>\n<footer>\n<p>                <cite>D.P.<\/cite><\/p>\n<\/footer>\n<\/blockquote>\n<blockquote>\n<p>    \u201cL\u0103cri, mul\u021bumesc din suflet c\u0103 m-ai ajutat s\u0103 \u00eemi salvez c\u0103snicia. C\u00e2nd privesc \u00een urm\u0103 la toat\u0103 suferin\u021ba\u2026m\u0103 g\u00e2ndesc ce bine era s\u0103 te fi cunoscut mai devreme. Dar uite c\u0103 ai f\u0103cut posibil ca \u00een ultimul ceas, c\u00e2nd am ajuns la tine, s\u0103 ne salvezi \u0219i s\u0103 ne aju\u021bi s\u0103 ne privim altfel \u0219i s\u0103 ne conect\u0103m din nou unul la cel\u0103lalt. Nu credeam \u00een terapie de cuplu, dar uite c\u0103 ai f\u0103cut posibil ceea ce p\u0103rea imposibil pentru noi. Ne-ai salvat, mul\u021bumim pentru tot ce ai f\u0103cut pentru noi!\u201c <\/p>\n<footer>\n<p>                <cite>D.T.<\/cite><\/p>\n<\/footer>\n<\/blockquote>\n<blockquote>\n<p>    \u201cM\u0103 g\u00e2ndeam s\u0103 \u00ee\u021bi spun despre cum sunt \u0219i dac\u0103 e s\u0103 spun pe scurt\u2026e mai mult\u0103 lumin\u0103 \u00een via\u021ba mea, L\u0103cri. \u00ce\u021bi mul\u021bumesc c\u0103 ai adus lumin\u0103 chiar \u0219i \u00een cel mai \u00eentunecat loc. Te voi purta toat\u0103 via\u021ba \u00een minte pentru c\u0103 m-ai ajutat s\u0103 tr\u0103iesc din nou.\u201c <\/p>\n<footer>\n<p>                <cite>\u2013 G S. <\/cite><\/p>\n<\/footer>\n<\/blockquote>\n<p><!--more--><br \/>\n<!-- {\"name\":\"Home\",\"type\":\"layout\",\"children\":[{\"name\":\"Hero\",\"type\":\"section\",\"props\":{\"class\":\"demo\",\"header_transparent_noplaceholder\":false,\"height\":\"full\",\"image\":\"wp-content\\\/uploads\\\/home-page-01.jpg\",\"image_parallax_bgx\":\"0,-60\",\"image_position\":\"top-center\",\"image_size\":\"cover\",\"media_overlay\":\"rgba(0, 0, 0, 0.1)\",\"overlap\":true,\"padding\":\"large\",\"style\":\"default\",\"title_breakpoint\":\"xl\",\"title_position\":\"top-left\",\"title_rotation\":\"left\",\"vertical_align\":\"middle\",\"width\":\"default\"},\"children\":[{\"name\":\"\",\"type\":\"row\",\"children\":[{\"name\":\"\",\"type\":\"column\",\"props\":{\"image\":\"\",\"image_effect\":\"parallax\",\"image_parallax_bgy\":\"-10,-90\",\"image_parallax_easing\":\"1\",\"image_position\":\"center-center\",\"media_overlay_gradient\":\"\",\"position_sticky_breakpoint\":\"m\",\"text_color\":\"light\",\"width_medium\":\"1-1\"},\"children\":[{\"name\":\"\",\"type\":\"image\",\"props\":{\"animation\":\"parallax\",\"image\":\"wp-content\\\/uploads\\\/divider-1.svg\",\"image_height\":\"4\",\"image_svg_color\":\"emphasis\",\"image_width\":\"220\",\"margin\":\"default\",\"margin_remove_bottom\":false,\"parallax_breakpoint\":\"m\",\"parallax_easing\":\"1\",\"parallax_opacity\":\"1,0\",\"parallax_y\":\"0,60\",\"text_align\":\"center\"}},{\"name\":\"\",\"type\":\"headline\",\"props\":{\"animation\":\"parallax\",\"content\":\"<font color=\\\"#fff\\\">L\\u0103crimioara Mezei<\\\/font>\",\"margin\":\"remove-vertical\",\"maxwidth_breakpoint\":\"m\",\"parallax_breakpoint\":\"m\",\"parallax_easing\":0.7,\"parallax_end\":\"5vh + 5%\",\"parallax_opacity\":\"1,0\",\"parallax_y\":\"0,60\",\"text_align\":\"center\",\"text_align_fallback\":\"center\",\"title_element\":\"div\",\"title_style\":\"h1\"}},{\"name\":\"\",\"type\":\"headline\",\"props\":{\"animation\":\"parallax\",\"block_align\":\"center\",\"content\":\"<span style=\\\"color: #fff;\\\">Psiholog, psihoterapeut &amp; trainer cu acreditare interna\\u021bional\\u0103<\\\/span>\",\"margin\":\"remove-vertical\",\"maxwidth\":\"xlarge\",\"parallax_breakpoint\":\"m\",\"parallax_easing\":0.8,\"parallax_end\":\"5vh + 5%\",\"parallax_opacity\":\"1,0\",\"parallax_y\":\"0,60\",\"text_align\":\"center\",\"text_align_fallback\":\"center\",\"title_element\":\"h1\",\"title_style\":\"h2\"}},{\"name\":\"\",\"type\":\"button\",\"props\":{\"block_align\":\"center\",\"grid_column_gap\":\"\",\"grid_row_gap\":\"\",\"margin\":\"medium\",\"maxwidth\":\"2xlarge\",\"parallax_easing\":0.7,\"parallax_end\":\"70vh + 70%\",\"parallax_opacity\":\"0.2,1\",\"parallax_y\":\"20,0\",\"text_align\":\"center\"},\"children\":[{\"name\":\"\",\"type\":\"button_item\",\"props\":{\"button_style\":\"primary\",\"content\":\"<b>Cite\\u0219te mai departe<\\\/b>\",\"icon_align\":\"left\",\"link\":\"despre-mine\\\/\"}}]},{\"name\":\"\",\"type\":\"image\",\"props\":{\"animation\":\"parallax\",\"image\":\"wp-content\\\/uploads\\\/divider.svg\",\"image_height\":\"4\",\"image_svg_color\":\"emphasis\",\"image_width\":\"220\",\"margin\":\"default\",\"parallax_breakpoint\":\"m\",\"parallax_easing\":\"1\",\"parallax_opacity\":\"1,0\",\"parallax_y\":\"0,60\",\"text_align\":\"center\"}}]}]}]},{\"name\":\"About\",\"type\":\"section\",\"props\":{\"animation\":\"fade\",\"animation_delay\":false,\"header_overlay\":\"light\",\"height_viewport\":false,\"id\":\"services\",\"image\":\"\",\"image_height\":\"890\",\"image_parallax_breakpoint\":\"s\",\"image_position\":\"center-right\",\"image_width\":\"1100\",\"media\":\"\",\"media_visibility\":\"xl\",\"overlap\":false,\"padding\":\"large\",\"padding_remove_bottom\":false,\"padding_remove_top\":false,\"style\":\"default\",\"title_breakpoint\":\"xl\",\"title_position\":\"top-left\",\"title_rotation\":\"left\",\"vertical_align\":\"middle\",\"width\":\"default\"},\"children\":[{\"name\":\"\",\"type\":\"row\",\"props\":{\"column_gap\":\"large\",\"divider\":false,\"margin\":\"default\",\"match\":false,\"row_gap\":\"large\",\"vertical_align\":true},\"children\":[{\"name\":\"\",\"type\":\"column\",\"props\":{\"image\":\"\",\"image_position\":\"top-left\",\"media_overlay_gradient\":\"\",\"media_visibility\":\"m\",\"position_sticky_breakpoint\":\"m\",\"width_medium\":\"1-1\"},\"children\":[{\"name\":\"\",\"type\":\"headline\",\"props\":{\"block_align\":\"center\",\"content\":\"L\\u0103crimioara Mezei este psiholog \\u0219i psihoterapeut de cuplu \\u0219i familie acreditat de Colegiul Psihologilor din Rom\\u00e2nia. Este, de asemenea, trainer cu acreditare interna\\u021bional\\u0103 \\u00een Programul de Parenting \\u201eCircle of Security International\\u201d \\u0219i coach.\\n\",\"margin\":\"medium\",\"margin_remove_bottom\":false,\"margin_remove_top\":false,\"text_align\":\"center\",\"title_element\":\"h2\",\"title_style\":\"h3\"}},{\"name\":\"\",\"type\":\"text\",\"props\":{\"block_align\":\"center\",\"column_breakpoint\":\"m\",\"content\":\"Dezvoltarea personal\\u0103 \\u0219i profesional\\u0103 a acesteia implic\\u0103 mai bine de 15 ani de studii prin care reu\\u0219e\\u0219te s\\u0103 aduc\\u0103 un concept unic \\u00een cabinetul s\\u0103u, pornind de la coaching individual, merg\\u00e2nd mai departe p\\u00e2n\\u0103 la terapie individual\\u0103, de cuplu sau familie, consiliere parental\\u0103, curs de parenting dar \\u0219i business coaching.\",\"dropcap\":false,\"margin\":\"default\",\"margin_remove_top\":true,\"maxwidth\":\"2xlarge\",\"text_align\":\"center\"}}]}]}]},{\"name\":\"Traineri-01\",\"type\":\"section\",\"props\":{\"image_position\":\"center-center\",\"image_size\":\"cover\",\"padding_remove_bottom\":false,\"padding_remove_top\":true,\"style\":\"default\",\"title_breakpoint\":\"xl\",\"title_position\":\"top-left\",\"title_rotation\":\"left\",\"vertical_align\":\"middle\",\"width\":\"default\"},\"children\":[{\"name\":\"\",\"type\":\"row\",\"props\":{\"column_gap\":\"large\",\"layout\":\"1-2,1-2\",\"row_gap\":\"large\"},\"children\":[{\"name\":\"\",\"type\":\"column\",\"props\":{\"image_position\":\"center-center\",\"media_overlay_gradient\":\"\",\"position_sticky_breakpoint\":\"m\",\"width_medium\":\"1-2\"},\"children\":[{\"type\":\"image\",\"props\":{\"image\":\"wp-content\\\/uploads\\\/lm-logo-v22.svg\",\"image_box_decoration_inverse\":true,\"image_svg_animate\":true,\"image_svg_color\":\"muted\",\"image_svg_inline\":true,\"image_width\":\"440\",\"margin\":\"remove-vertical\",\"position_top\":\"-110\",\"text_align\":\"center\"}},{\"name\":\"\",\"type\":\"image\",\"props\":{\"image\":\"wp-content\\\/uploads\\\/lacrimioara-mezei.jpg\",\"image_alt\":\"L\\u0103crimioara Mezei\",\"image_svg_color\":\"emphasis\",\"margin\":\"default\"}}]},{\"name\":\"\",\"type\":\"column\",\"props\":{\"image_position\":\"center-center\",\"media_overlay_gradient\":\"\",\"position_sticky_breakpoint\":\"m\",\"vertical_align\":\"bottom\",\"width_medium\":\"1-2\"},\"children\":[{\"name\":\"\",\"type\":\"text\",\"props\":{\"column_breakpoint\":\"m\",\"content\":\"A absolvit Facultatea de Psihologie \\u0219i pe l\\u00e2ng\\u0103 aceasta, a urmat dubl\\u0103 specializare \\u00een Psihoterapie sistemic\\u0103 de cuplu \\u0219i familie, dar \\u0219i EFT (Emotionally Focused Therapy). Preg\\u0103tirea sa \\u00een domeniul Psihologiei implic\\u0103 \\u0219i numeroase alte cursuri de perfec\\u021bionare ce \\u021bintesc probleme specifice at\\u00e2t ale adultului, cuplului \\u0219i familiei, c\\u00e2t \\u0219i ale copilului.\\n\\n\",\"margin\":\"large\"}},{\"name\":\"\",\"type\":\"button\",\"props\":{\"grid_column_gap\":\"small\",\"grid_row_gap\":\"small\",\"margin\":\"default\"},\"children\":[{\"name\":\"\",\"type\":\"button_item\",\"props\":{\"button_style\":\"text\",\"content\":\"Detalii L\\u0103crimioara MEZEI\",\"icon_align\":\"left\",\"link\":\"despre-mine\\\/\",\"link_title\":\"case study spots\"}}]}]}]},{\"name\":\"\",\"type\":\"row\",\"props\":{\"column_gap\":\"large\",\"row_gap\":\"large\"},\"children\":[{\"name\":\"\",\"type\":\"column\",\"props\":{\"image_position\":\"center-center\",\"media_overlay_gradient\":\"\",\"position_sticky_breakpoint\":\"m\",\"width_medium\":\"\"},\"children\":[{\"type\":\"headline\",\"props\":{\"content\":\"Podcast\",\"text_align\":\"center\",\"title_element\":\"h1\",\"title_font_family\":\"tertiary\",\"title_style\":\"heading-small\"},\"name\":\"Headline stilizat\"},{\"type\":\"video\",\"props\":{\"animation\":\"none\",\"block_align\":\"center\",\"margin\":\"default\",\"maxwidth\":\"2xlarge\",\"video\":\"https:\\\/\\\/youtu.be\\\/EPiYUK-7fzw\",\"video_box_decoration\":\"mask\",\"video_box_decoration_inverse\":false,\"video_box_shadow\":\"\",\"video_controls\":true,\"video_height\":\"1440\",\"video_width\":\"2560\"},\"name\":\"Podcast\"}]}]}]},{\"type\":\"section\",\"props\":{\"image_position\":\"center-center\",\"style\":\"default\",\"title_breakpoint\":\"xl\",\"title_position\":\"top-left\",\"title_rotation\":\"left\",\"vertical_align\":\"middle\",\"width\":\"default\"},\"children\":[{\"type\":\"row\",\"children\":[{\"type\":\"column\",\"props\":{\"image_position\":\"center-center\",\"media_overlay_gradient\":\"\",\"position_sticky_breakpoint\":\"m\"},\"children\":[{\"name\":\"Quotation Author\",\"type\":\"quotation\",\"children\":null,\"props\":{\"author\":\"A.I.\",\"content\":\"\\u201cVreau s\\u0103-\\u021bi mul\\u021bumesc din toat\\u0103 inima pentru tot ceea ce m-ai \\u00eenv\\u0103\\u021bat. Pentru fiecare sfat, cuv\\u00e2nt \\u0219i suport. Pentru \\u00een\\u021belegere, speran\\u021b\\u0103 \\u0219i credin\\u021b\\u0103. Ajutorul t\\u0103u este de nepre\\u021buit \\u0219i foarte important pentru mine.\\u201d \",\"footer\":\"\"}},{\"name\":\"Quotation Author\",\"type\":\"quotation\",\"children\":null,\"props\":{\"author\":\"D.P.\",\"content\":\"\\u201cMul\\u021bumim, L\\u0103cri!E\\u0219ti ca un far \\u00een noapte!Ai HAR!Mi-ai luminat via\\u021ba! Dumnezeu s\\u0103 te binecuv\\u00e2nteze, s\\u0103-\\u021bi dea s\\u0103n\\u0103tate \\u0219i putere s\\u0103 aduci lumina \\u00een via\\u021ba c\\u00e2t mai multor oameni!\\u201d \",\"footer\":\"\"}},{\"name\":\"Quotation Author\",\"type\":\"quotation\",\"children\":null,\"props\":{\"author\":\"D.T.\",\"content\":\"\\u201cL\\u0103cri, mul\\u021bumesc din suflet c\\u0103 m-ai ajutat s\\u0103 \\u00eemi salvez c\\u0103snicia. C\\u00e2nd privesc \\u00een urm\\u0103 la toat\\u0103 suferin\\u021ba\\u2026m\\u0103 g\\u00e2ndesc ce bine era s\\u0103 te fi cunoscut mai devreme. Dar uite c\\u0103 ai f\\u0103cut posibil ca \\u00een ultimul ceas, c\\u00e2nd am ajuns la tine, s\\u0103 ne salvezi \\u0219i s\\u0103 ne aju\\u021bi s\\u0103 ne privim altfel \\u0219i s\\u0103 ne conect\\u0103m din nou unul la cel\\u0103lalt. Nu credeam \\u00een terapie de cuplu, dar uite c\\u0103 ai f\\u0103cut posibil ceea ce p\\u0103rea imposibil pentru noi. Ne-ai salvat, mul\\u021bumim pentru tot ce ai f\\u0103cut pentru noi!\\u201c \",\"footer\":\"\"}},{\"name\":\"Quotation Author\",\"type\":\"quotation\",\"children\":null,\"props\":{\"author\":\"\\u2013 G S. \",\"content\":\"\\u201cM\\u0103 g\\u00e2ndeam s\\u0103 \\u00ee\\u021bi spun despre cum sunt \\u0219i dac\\u0103 e s\\u0103 spun pe scurt\\u2026e mai mult\\u0103 lumin\\u0103 \\u00een via\\u021ba mea, L\\u0103cri. \\u00ce\\u021bi mul\\u021bumesc c\\u0103 ai adus lumin\\u0103 chiar \\u0219i \\u00een cel mai \\u00eentunecat loc. Te voi purta toat\\u0103 via\\u021ba \\u00een minte pentru c\\u0103 m-ai ajutat s\\u0103 tr\\u0103iesc din nou.\\u201c \",\"footer\":\"\"}}]}]}]}],\"version\":\"3.0.25\"} --><\/p>\n","protected":false},"excerpt":{"rendered":"<p>L\u0103crimioara Mezei Psiholog, psihoterapeut &amp; trainer cu acreditare interna\u021bional\u0103 Cite\u0219te mai departe L\u0103crimioara Mezei este psiholog \u0219i psihoterapeut de cuplu \u0219i familie acreditat de Colegiul Psihologilor din Rom\u00e2nia. Este, de asemenea, trainer cu acreditare interna\u021bional\u0103 \u00een Programul de Parenting \u201eCircle of Security International\u201d \u0219i coach. Dezvoltarea personal\u0103 \u0219i profesional\u0103 a acesteia implic\u0103 mai bine de [&hellip;]<\/p>\n","protected":false},"author":2,"featured_media":0,"parent":0,"menu_order":6,"comment_status":"closed","ping_status":"closed","template":"","meta":{"footnotes":""},"class_list":["post-21","page","type-page","status-publish","hentry"],"_links":{"self":[{"href":"https:\/\/lacrimioaramezei.ro\/en\/wp-json\/wp\/v2\/pages\/21","targetHints":{"allow":["GET"]}}],"collection":[{"href":"https:\/\/lacrimioaramezei.ro\/en\/wp-json\/wp\/v2\/pages"}],"about":[{"href":"https:\/\/lacrimioaramezei.ro\/en\/wp-json\/wp\/v2\/types\/page"}],"author":[{"embeddable":true,"href":"https:\/\/lacrimioaramezei.ro\/en\/wp-json\/wp\/v2\/users\/2"}],"replies":[{"embeddable":true,"href":"https:\/\/lacrimioaramezei.ro\/en\/wp-json\/wp\/v2\/comments?post=21"}],"version-history":[{"count":3,"href":"https:\/\/lacrimioaramezei.ro\/en\/wp-json\/wp\/v2\/pages\/21\/revisions"}],"predecessor-version":[{"id":1274,"href":"https:\/\/lacrimioaramezei.ro\/en\/wp-json\/wp\/v2\/pages\/21\/revisions\/1274"}],"wp:attachment":[{"href":"https:\/\/lacrimioaramezei.ro\/en\/wp-json\/wp\/v2\/media?parent=21"}],"curies":[{"name":"wp","href":"https:\/\/api.w.org\/{rel}","templated":true}]}}