{"id":392,"date":"2019-09-04T15:21:05","date_gmt":"2019-09-04T12:21:05","guid":{"rendered":"https:\/\/mezei-sensley.ro\/?page_id=392"},"modified":"2020-09-21T18:39:05","modified_gmt":"2020-09-21T15:39:05","slug":"psihoterapie-de-cuplu-2","status":"publish","type":"page","link":"https:\/\/lacrimioaramezei.ro\/en\/psihoterapie-de-cuplu-2\/","title":{"rendered":"Psihoterapie de cuplu"},"content":{"rendered":"<h2>Psihoterapie de cuplu<\/h2>\n<blockquote>\n<p>    Energia min\u021bii reprezint\u0103 esen\u021ba vie\u021bii.<\/p>\n<footer>\n<p>                <cite>Aristotel<\/cite><\/p>\n<\/footer>\n<\/blockquote>\n<h2>Psihoterapie de cuplu<\/h2>\n<ul>\n<li>\n<h3>Cui se adreseaz\u0103<\/h3>\n<div>Se adreseaz\u0103 cuplurilor aflate \u00een impas, dar \u0219i a celor ce vor s\u0103 \u00ee\u0219i \u00eembun\u0103t\u0103\u021beasc\u0103 comunicarea \u0219i \u00eei ajut\u0103 pe parteneri s\u0103 \u00ee\u0219i identifice at\u00e2t propriile nevoi c\u00e2t \u0219i pe cele ale partenerului, s\u0103 se in\u021beleag\u0103 mai bine pe sine \u0219i pe cel\u0103lalt \u00een relatie,.<\/div>\n<\/li>\n<li>\n<h3>Timing<\/h3>\n<div>De asemenea, este indicat\u0103 \u0219i \u00eenainte de evenimente importante precum c\u0103snicia ori venirea pe lume a unui copil.<\/div>\n<\/li>\n<\/ul>\n<p><img decoding=\"async\" src=\"\/wp-content\/uploads\/psihoterapie-de-cuplu-2.jpg\" alt=\"\"><\/p>\n<p><!-- {\"name\":\"Psihoterapie-de sters\",\"type\":\"layout\",\"children\":[{\"name\":\"Hero 2\",\"type\":\"section\",\"props\":{\"width\":\"default\",\"style\":\"default\",\"text_color\":\"light\",\"media\":\"images\\\/home-header.jpg\",\"height_viewport\":true,\"header_overlay\":\"light\",\"image\":\"wp-content\\\/uploads\\\/psihoterapie-de-cuplu-2.jpg\",\"media_advanced\":true,\"image_size\":\"cover\",\"media_background\":\"#fff\",\"media_overlay\":null,\"height\":\"expand\",\"animation\":\"fade\",\"image_fixed\":false,\"image_position\":\"center-center\",\"vertical_align\":\"middle\",\"title_position\":\"top-left\",\"title_rotation\":\"left\",\"title_breakpoint\":\"xl\",\"overlap\":false},\"children\":[{\"name\":\"\",\"type\":\"row\",\"props\":{\"margin\":\"large\",\"column_gap\":\"large\",\"row_gap\":\"large\"},\"children\":[{\"name\":\"\",\"type\":\"column\",\"props\":{\"image_position\":\"center-center\",\"media_overlay_gradient\":\"\",\"width_medium\":\"1-1\"},\"children\":[{\"name\":\"\",\"type\":\"headline\",\"props\":{\"title_element\":\"h2\",\"content\":\"Psihoterapie de cuplu\",\"maxwidth\":\"xlarge\",\"animation\":\"slide-left-medium\",\"margin_remove_bottom\":true,\"title_decoration\":\"divider\"}},{\"type\":\"quotation\",\"props\":{\"content\":\"Energia min\\u021bii reprezint\\u0103 esen\\u021ba vie\\u021bii.\",\"author\":\"Aristotel\",\"margin_remove_top\":true,\"text_align\":\"left\",\"maxwidth\":\"xlarge\",\"animation\":\"slide-left-medium\"}}]}]}]},{\"name\":\"About\",\"type\":\"section\",\"props\":{\"width\":\"default\",\"style\":\"default\",\"image_size\":\"cover\",\"padding_remove_bottom\":false,\"image_position\":\"center-center\",\"vertical_align\":\"middle\",\"title_position\":\"top-left\",\"title_rotation\":\"left\",\"title_breakpoint\":\"xl\"},\"children\":[{\"name\":\"\",\"type\":\"row\",\"props\":{\"vertical_align\":false},\"children\":[{\"name\":\"\",\"type\":\"column\",\"props\":{\"image_position\":\"center-center\",\"media_overlay_gradient\":\"\",\"width_medium\":\"\"},\"children\":[{\"name\":\"\",\"type\":\"headline\",\"props\":{\"title_element\":\"h2\",\"title_style\":\"h3\",\"content\":\"Psihoterapie de cuplu\",\"margin_remove_bottom\":true}},{\"type\":\"grid\",\"props\":{\"show_title\":true,\"show_meta\":true,\"show_content\":true,\"show_image\":true,\"show_link\":true,\"grid_default\":\"1\",\"grid_medium\":\"\",\"filter_style\":\"tab\",\"filter_all\":true,\"filter_position\":\"top\",\"filter_align\":\"left\",\"filter_grid_width\":\"auto\",\"title_element\":\"h3\",\"title_align\":\"top\",\"title_grid_width\":\"1-2\",\"meta_style\":\"meta\",\"meta_align\":\"below-title\",\"image_align\":\"top\",\"image_grid_width\":\"1-2\",\"image_svg_color\":\"emphasis\",\"link_text\":\"Read more\",\"link_style\":\"default\",\"margin\":\"default\",\"item_animation\":\"\",\"title_style\":\"h4\",\"content_margin\":\"small\",\"title_hover_style\":\"reset\",\"filter_grid_breakpoint\":\"m\",\"title_grid_breakpoint\":\"m\",\"image_grid_breakpoint\":\"m\",\"content_column_breakpoint\":\"m\",\"icon_width\":80,\"meta_element\":\"div\",\"title_decoration\":\"line\"},\"children\":[{\"type\":\"grid_item\",\"props\":{\"content\":\"Se adreseaz\\u0103 cuplurilor aflate \\u00een impas, dar \\u0219i a celor ce vor s\\u0103 \\u00ee\\u0219i \\u00eembun\\u0103t\\u0103\\u021beasc\\u0103 comunicarea \\u0219i \\u00eei ajut\\u0103 pe parteneri s\\u0103 \\u00ee\\u0219i identifice at\\u00e2t propriile nevoi c\\u00e2t \\u0219i pe cele ale partenerului, s\\u0103 se in\\u021beleag\\u0103 mai bine pe sine \\u0219i pe cel\\u0103lalt \\u00een relatie,.\",\"title\":\"Cui se adreseaz\\u0103\",\"meta\":\"\"}},{\"type\":\"grid_item\",\"props\":{\"content\":\"De asemenea, este indicat\\u0103 \\u0219i \\u00eenainte de evenimente importante precum c\\u0103snicia ori venirea pe lume a unui copil.\",\"title\":\"Timing\"}}]},{\"type\":\"image\",\"props\":{\"margin\":\"default\",\"image_svg_color\":\"emphasis\",\"image\":\"wp-content\\\/uploads\\\/psihoterapie-de-cuplu-2.jpg\",\"image_border\":\"rounded\"}}]}]}]}],\"version\":\"2.2.5\"} --><\/p>\n","protected":false},"excerpt":{"rendered":"<p>Psihoterapie de cuplu Energia min\u021bii reprezint\u0103 esen\u021ba vie\u021bii. Aristotel Psihoterapie de cuplu Cui se adreseaz\u0103 Se adreseaz\u0103 cuplurilor aflate \u00een impas, dar \u0219i a celor ce vor s\u0103 \u00ee\u0219i \u00eembun\u0103t\u0103\u021beasc\u0103 comunicarea \u0219i \u00eei ajut\u0103 pe parteneri s\u0103 \u00ee\u0219i identifice at\u00e2t propriile nevoi c\u00e2t \u0219i pe cele ale partenerului, s\u0103 se in\u021beleag\u0103 mai bine pe sine [&hellip;]<\/p>\n","protected":false},"author":2,"featured_media":0,"parent":0,"menu_order":0,"comment_status":"closed","ping_status":"closed","template":"","meta":{"footnotes":""},"class_list":["post-392","page","type-page","status-publish","hentry"],"_links":{"self":[{"href":"https:\/\/lacrimioaramezei.ro\/en\/wp-json\/wp\/v2\/pages\/392","targetHints":{"allow":["GET"]}}],"collection":[{"href":"https:\/\/lacrimioaramezei.ro\/en\/wp-json\/wp\/v2\/pages"}],"about":[{"href":"https:\/\/lacrimioaramezei.ro\/en\/wp-json\/wp\/v2\/types\/page"}],"author":[{"embeddable":true,"href":"https:\/\/lacrimioaramezei.ro\/en\/wp-json\/wp\/v2\/users\/2"}],"replies":[{"embeddable":true,"href":"https:\/\/lacrimioaramezei.ro\/en\/wp-json\/wp\/v2\/comments?post=392"}],"version-history":[{"count":3,"href":"https:\/\/lacrimioaramezei.ro\/en\/wp-json\/wp\/v2\/pages\/392\/revisions"}],"predecessor-version":[{"id":955,"href":"https:\/\/lacrimioaramezei.ro\/en\/wp-json\/wp\/v2\/pages\/392\/revisions\/955"}],"wp:attachment":[{"href":"https:\/\/lacrimioaramezei.ro\/en\/wp-json\/wp\/v2\/media?parent=392"}],"curies":[{"name":"wp","href":"https:\/\/api.w.org\/{rel}","templated":true}]}}