{"id":411,"date":"2019-09-04T15:40:26","date_gmt":"2019-09-04T12:40:26","guid":{"rendered":"https:\/\/mezei-sensley.ro\/?page_id=411"},"modified":"2020-09-21T18:45:28","modified_gmt":"2020-09-21T15:45:28","slug":"psihoterapie-de-familie-2","status":"publish","type":"page","link":"https:\/\/lacrimioaramezei.ro\/en\/psihoterapie-de-familie-2\/","title":{"rendered":"Psihoterapie de familie"},"content":{"rendered":"<h2>Psihoterapia de familie<\/h2>\n<blockquote>\n<p>    Energia min\u021bii reprezint\u0103 esen\u021ba vie\u021bii.<\/p>\n<footer>\n<p>                <cite>Aristotel<\/cite><\/p>\n<\/footer>\n<\/blockquote>\n<h2>Psihoterapia de familie<\/h2>\n<ul>\n<li>\n<h3>Scop<\/h3>\n<div>Sprijin\u0103 optimizarea rela\u021biilor interpersonale din cadrul sistemului familial, dezvolt\u0103 capacitatea familiilor, a fiec\u0103rui membru din cadrul acestora, de a \u00eenv\u0103\u021ba s\u0103 fac\u0103 fa\u021b\u0103 problemelor \u0219i contribuie la flexibilizarea rolurilor \u00een familie.<\/div>\n<\/li>\n<li>\n<h3>Cui se adreseaz\u0103<\/h3>\n<div>Psihoterapia de familie se adreseaz\u0103 familiilor care se confrunt\u0103 cu:<\/p>\n<ul class=\"uk-list\">\n<li><span uk-icon=\"icon: check\"><\/span><br \/>\n Comunicare deficitar\u0103 \u00eentre membrii familiei;<\/li>\n<li><span uk-icon=\"icon: check\"><\/span> Deces\/Separare\/Divor\u021b;<\/li>\n<li><span uk-icon=\"icon: check\"><\/span> Rela\u021bii confictuale\/Ne\u00een\u021belegeri \u00eentre p\u0103rin\u021bi \u0219i copii;<\/li>\n<li><span uk-icon=\"icon: check\"><\/span> Perioade de criz\u0103: accidente, boala grav\u0103 a unui membru al familiei, dependen\u021be, etc;<\/li>\n<li><span uk-icon=\"icon: check\"><\/span> Probleme de rela\u021bionare p\u0103rinte-copil \u00eenainte\/\u00een timpul\/dup\u0103 divor\u021b;<\/li>\n<li><span uk-icon=\"icon: check\"><\/span> Orice alte dificult\u0103\u021bi care afecteaz\u0103 membrii familiei.<\/li>\n<\/ul>\n<\/div>\n<\/li>\n<\/ul>\n<p><img decoding=\"async\" src=\"\/wp-content\/uploads\/Parenting.jpg\" alt=\"Psihoterapia de familie\"><\/p>\n<p><!-- {\"name\":\"Psihoterapie-de sters\",\"type\":\"layout\",\"children\":[{\"name\":\"Hero 2\",\"type\":\"section\",\"props\":{\"width\":\"default\",\"style\":\"default\",\"text_color\":\"light\",\"media\":\"images\\\/home-header.jpg\",\"height_viewport\":true,\"header_overlay\":\"light\",\"image\":\"wp-content\\\/uploads\\\/Parenting.jpg\",\"media_advanced\":true,\"image_size\":\"cover\",\"media_background\":\"#fff\",\"media_overlay\":null,\"height\":\"expand\",\"animation\":\"fade\",\"image_fixed\":false,\"image_position\":\"bottom-center\",\"vertical_align\":\"middle\",\"title_position\":\"top-left\",\"title_rotation\":\"left\",\"title_breakpoint\":\"xl\",\"overlap\":false},\"children\":[{\"name\":\"\",\"type\":\"row\",\"props\":{\"margin\":\"large\",\"column_gap\":\"large\",\"row_gap\":\"large\"},\"children\":[{\"name\":\"\",\"type\":\"column\",\"props\":{\"image_position\":\"center-center\",\"media_overlay_gradient\":\"\",\"width_medium\":\"1-1\"},\"children\":[{\"name\":\"\",\"type\":\"headline\",\"props\":{\"title_element\":\"h2\",\"content\":\"Psihoterapia de familie\",\"maxwidth\":\"xlarge\",\"animation\":\"slide-left-medium\",\"margin_remove_bottom\":true,\"title_decoration\":\"divider\"}},{\"type\":\"quotation\",\"props\":{\"content\":\"Energia min\\u021bii reprezint\\u0103 esen\\u021ba vie\\u021bii.\",\"author\":\"Aristotel\",\"margin_remove_top\":true,\"text_align\":\"left\",\"maxwidth\":\"xlarge\",\"animation\":\"slide-left-medium\"}}]}]}]},{\"name\":\"About\",\"type\":\"section\",\"props\":{\"width\":\"default\",\"style\":\"default\",\"image_size\":\"cover\",\"padding_remove_bottom\":false,\"image_position\":\"center-center\",\"vertical_align\":\"middle\",\"title_position\":\"top-left\",\"title_rotation\":\"left\",\"title_breakpoint\":\"xl\"},\"children\":[{\"name\":\"\",\"type\":\"row\",\"props\":{\"layout\":\"2-3,1-3\",\"vertical_align\":false},\"children\":[{\"name\":\"\",\"type\":\"column\",\"props\":{\"image_position\":\"center-center\",\"media_overlay_gradient\":\"\",\"width_medium\":\"2-3\"},\"children\":[{\"name\":\"\",\"type\":\"headline\",\"props\":{\"title_element\":\"h2\",\"title_style\":\"h3\",\"content\":\"Psihoterapia de familie\",\"margin_remove_bottom\":true}},{\"type\":\"grid\",\"props\":{\"show_title\":true,\"show_meta\":true,\"show_content\":true,\"show_image\":true,\"show_link\":true,\"grid_default\":\"1\",\"grid_medium\":\"\",\"filter_style\":\"tab\",\"filter_all\":true,\"filter_position\":\"top\",\"filter_align\":\"left\",\"filter_grid_width\":\"auto\",\"title_element\":\"h3\",\"title_align\":\"top\",\"title_grid_width\":\"1-2\",\"meta_style\":\"meta\",\"meta_align\":\"below-title\",\"image_align\":\"top\",\"image_grid_width\":\"1-2\",\"image_svg_color\":\"emphasis\",\"link_text\":\"Read more\",\"link_style\":\"default\",\"margin\":\"default\",\"item_animation\":\"\",\"title_style\":\"h4\",\"content_margin\":\"small\",\"title_hover_style\":\"reset\",\"filter_grid_breakpoint\":\"m\",\"title_grid_breakpoint\":\"m\",\"image_grid_breakpoint\":\"m\",\"content_column_breakpoint\":\"m\",\"icon_width\":80,\"meta_element\":\"div\",\"title_decoration\":\"line\"},\"children\":[{\"type\":\"grid_item\",\"props\":{\"content\":\"Sprijin\\u0103 optimizarea rela\\u021biilor interpersonale din cadrul sistemului familial, dezvolt\\u0103 capacitatea familiilor, a fiec\\u0103rui membru din cadrul acestora, de a \\u00eenv\\u0103\\u021ba s\\u0103 fac\\u0103 fa\\u021b\\u0103 problemelor \\u0219i contribuie la flexibilizarea rolurilor \\u00een familie.\",\"title\":\"Scop\"}},{\"type\":\"grid_item\",\"props\":{\"content\":\"Psihoterapia de familie se adreseaz\\u0103 familiilor care se confrunt\\u0103 cu:\\n\n\n<ul class=\\\"uk-list\\\">\\n\n\n<li><span uk-icon=\\\"icon: check\\\"><\\\/span>\\n Comunicare deficitar\\u0103 \\u00eentre membrii familiei;<\\\/li>  \\n    \n\n<li><span uk-icon=\\\"icon: check\\\"><\\\/span> Deces\\\/Separare\\\/Divor\\u021b;<\\\/li>\\n    \n\n<li><span uk-icon=\\\"icon: check\\\"><\\\/span> Rela\\u021bii confictuale\\\/Ne\\u00een\\u021belegeri \\u00eentre p\\u0103rin\\u021bi \\u0219i copii;<\\\/li>\\n    \n\n<li><span uk-icon=\\\"icon: check\\\"><\\\/span> Perioade de criz\\u0103: accidente, boala grav\\u0103 a unui membru al familiei, dependen\\u021be, etc;<\\\/li>\\n    \n\n<li><span uk-icon=\\\"icon: check\\\"><\\\/span> Probleme de rela\\u021bionare p\\u0103rinte-copil \\u00eenainte\\\/\\u00een timpul\\\/dup\\u0103 divor\\u021b;<\\\/li>\\n    \n\n<li><span uk-icon=\\\"icon: check\\\"><\\\/span> Orice alte dificult\\u0103\\u021bi care afecteaz\\u0103 membrii familiei.<\\\/li>\\n    \\n<\\\/ul>\",\"title\":\"Cui se adreseaz\\u0103\",\"meta\":\"\"}}]}]},{\"type\":\"column\",\"props\":{\"image_position\":\"center-center\",\"media_overlay_gradient\":\"\",\"width_medium\":\"1-3\"},\"children\":[{\"type\":\"image\",\"props\":{\"margin\":\"default\",\"image_svg_color\":\"emphasis\",\"image\":\"wp-content\\\/uploads\\\/Parenting.jpg\",\"image_alt\":\"Psihoterapia de familie\",\"image_border\":\"rounded\"}}]}]}]}],\"version\":\"2.2.5\"} --><\/p>\n","protected":false},"excerpt":{"rendered":"<p>Psihoterapia de familie Energia min\u021bii reprezint\u0103 esen\u021ba vie\u021bii. Aristotel Psihoterapia de familie Scop Sprijin\u0103 optimizarea rela\u021biilor interpersonale din cadrul sistemului familial, dezvolt\u0103 capacitatea familiilor, a fiec\u0103rui membru din cadrul acestora, de a \u00eenv\u0103\u021ba s\u0103 fac\u0103 fa\u021b\u0103 problemelor \u0219i contribuie la flexibilizarea rolurilor \u00een familie. Cui se adreseaz\u0103 Psihoterapia de familie se adreseaz\u0103 familiilor care se [&hellip;]<\/p>\n","protected":false},"author":2,"featured_media":0,"parent":0,"menu_order":0,"comment_status":"closed","ping_status":"closed","template":"","meta":{"footnotes":""},"class_list":["post-411","page","type-page","status-publish","hentry"],"_links":{"self":[{"href":"https:\/\/lacrimioaramezei.ro\/en\/wp-json\/wp\/v2\/pages\/411","targetHints":{"allow":["GET"]}}],"collection":[{"href":"https:\/\/lacrimioaramezei.ro\/en\/wp-json\/wp\/v2\/pages"}],"about":[{"href":"https:\/\/lacrimioaramezei.ro\/en\/wp-json\/wp\/v2\/types\/page"}],"author":[{"embeddable":true,"href":"https:\/\/lacrimioaramezei.ro\/en\/wp-json\/wp\/v2\/users\/2"}],"replies":[{"embeddable":true,"href":"https:\/\/lacrimioaramezei.ro\/en\/wp-json\/wp\/v2\/comments?post=411"}],"version-history":[{"count":3,"href":"https:\/\/lacrimioaramezei.ro\/en\/wp-json\/wp\/v2\/pages\/411\/revisions"}],"predecessor-version":[{"id":960,"href":"https:\/\/lacrimioaramezei.ro\/en\/wp-json\/wp\/v2\/pages\/411\/revisions\/960"}],"wp:attachment":[{"href":"https:\/\/lacrimioaramezei.ro\/en\/wp-json\/wp\/v2\/media?parent=411"}],"curies":[{"name":"wp","href":"https:\/\/api.w.org\/{rel}","templated":true}]}}