{"id":427,"date":"2019-09-04T16:03:52","date_gmt":"2019-09-04T13:03:52","guid":{"rendered":"https:\/\/mezei-sensley.ro\/?page_id=427"},"modified":"2022-07-10T02:58:50","modified_gmt":"2022-07-09T23:58:50","slug":"curs-de-parenting","status":"publish","type":"page","link":"https:\/\/lacrimioaramezei.ro\/en\/curs-de-parenting\/","title":{"rendered":"Curs de Parenting"},"content":{"rendered":"<blockquote>\n<p>    Programul de Educa\u021bie Parental\u0103 \u201cCercul Siguran\u021bei\u201d<\/p>\n<\/blockquote>\n<h2>Program<\/h2>\n<div>\n<p>Programul de Educa\u021bie Parental\u0103 \u201eCercul Siguran\u021bei\u201d este un program recunoscut la nivel mondial, care reu\u0219e\u0219te s\u0103 transforme peste 50 de ani de cercetare \u00een domeniul ata\u0219amentului \u00een informa\u021bii c\u00e2t mai accesibile p\u0103rin\u021bilor \u0219i de a le oferi acestora:<\/p>\n<ul class=\"uk-list\">\n<li><span uk-icon=\"icon: check\"><\/span> O cale de a recunoa\u0219te rapid \u0219i corect nevoia pe care o manifest\u0103 copilul \u00een orice moment;<\/li>\n<li><span uk-icon=\"icon: check\"><\/span> O cale de a \u00een\u021belege mesajul care se afl\u0103 \u00een spatele comportamentelor copilului, chiar \u0219i a celor dificile;<\/li>\n<li><span uk-icon=\"icon: check\"><\/span> \u00cenv\u0103\u021barea \u0219i \u00eendrumarea a ceea ce presupune s\u0103 \u201cfii conectat cu copilul\u201d \u0219i con\u0219tientizarea ecoului lipsei de conectare asupra dezvolt\u0103rii copilului;<\/li>\n<li><span uk-icon=\"icon: check\"><\/span> \u00cen\u021belegerea \u0219i gestionarea situa\u021biilor \u00een care copilul for\u021beaz\u0103 limitele;<\/li>\n<li><span uk-icon=\"icon: check\"><\/span> \u00cen\u021belegerea, prevenirea \u0219i gestionarea acceselor de furie ale copilului;<\/li>\n<li><span uk-icon=\"icon: check\"><\/span> \u00cenv\u0103\u021barea metodelor de reparare a rupturilor intervenite \u00een rela\u021bia p\u0103rinte-copil;<\/li>\n<li><span uk-icon=\"icon: check\"><\/span> \u00cenv\u0103\u021barea metodelor prin care copilul este ajutat s\u0103 \u00ee\u0219i autoregleze emo\u021biile;<\/li>\n<li><span uk-icon=\"icon: check\"><\/span> Dezvoltarea capacit\u0103\u021bii de observare, identificare \u0219i r\u0103spuns adecvat nevoilor transmise de copil;<\/li>\n<li><span uk-icon=\"icon: check\"><\/span> Descifrarea semnalelor copilului \u0219i delimitarea indiciilor reale de cele false, pe care le reg\u0103sim \u00een comportamentul copilului, \u00een\u021beleg\u00e2nd; comportamentele ca informa\u021bii despre ce se \u00eent\u00e2mpl\u0103 \u00een rela\u021bia p\u0103rinte-copil;<\/li>\n<li><span uk-icon=\"icon: check\"><\/span> Preg\u0103tirea necesar\u0103 pentru a face fa\u021b\u0103 cu succes diverselor situa\u021bii ce intervin pe \u00eentreg parcursul dezvolt\u0103rii copilului;<\/li>\n<li><span uk-icon=\"icon: check\"><\/span> Con\u0219tientizarea mo\u0219tenirii invizibile din familie \u0219i a felului \u00een care o perpetu\u0103m;<\/li>\n<li><span uk-icon=\"icon: check\"><\/span> O cale de a \u00een\u021belege nevoile legitime ale copiilor;<\/li>\n<li><span uk-icon=\"icon: check\"><\/span> O cale de a \u00een\u021belege cum percepem acele nevoi(de ce unele par mai acceptabile dec\u00e2t altele);<\/li>\n<li><span uk-icon=\"icon: check\"><\/span> O cale de a \u00een\u021belege de ce accept\u0103m u\u0219or anumite nevoi ale copiilor \u0219i avem dificult\u0103\u021bi cu altele;<\/li>\n<li><span uk-icon=\"icon: check\"><\/span> Acces la acea parte din tine care e dispus\u0103 s\u0103-\u0219i dep\u0103\u0219easc\u0103 disconfortul pentru a prioritiza nevoile copilului.<\/li>\n<\/ul>\n<\/div>\n<h2>Beneficii<\/h2>\n<div>\n<p>Beneficiile pe care le vei putea observa \u00een scurt timp de la \u00eenceperea cursului:<\/p>\n<ul>\n<li>Mai pu\u021bine momente de confuzie, frustrare, furie \u0219i mai multe experien\u021be de cooperare, conectare \u0219i bucurie \u00een rela\u021bia cu copilul;<\/li>\n<li>Mai pu\u021bine conflicte p\u0103rinte-copil;<\/li>\n<li>Bucuria de a descoperi c\u0103 suntem capabili s\u0103 influen\u021b\u0103m felul \u00een care copilul se simte \u0219i se poart\u0103;<\/li>\n<li>\u00cembun\u0103t\u0103\u021birea rela\u021biei cu copilul;<\/li>\n<li>Un stil mai confortabil, \u00eencrez\u0103tor \u0219i mai detensionat \u00een cre\u0219terea copilului;<\/li>\n<li>Dob\u00e2ndirea unei imagini clare despre cum func\u021bioneaz\u0103 toate tipurile de rela\u021bii;<\/li>\n<li>Aplicabilitatea lucrurilor \u00eenv\u0103\u021bate la curs \u0219i \u00een via\u021ba personal\u0103, nu doar \u00een rela\u021bia p\u0103rinte-copil;<\/li>\n<li>Utilizarea reflec\u021biei asupra propriilor experien\u021be pentru gestionarea propriilor emo\u021bii.<\/li>\n<\/ul>\n<p>Programul de Educa\u021bie Parental\u0103 \u201eCercul Siguran\u021bei\u201d cuprinde 8 \u0219edin\u021be (1 \u00eent\u00e2lnire\/s\u0103pt\u0103m\u00e2n\u0103) \u0219i se deruleaz\u0103 pe parcursul a 8 s\u0103pt\u0103m\u00e2ni consecutive.<\/p>\n<p>\u0218edin\u021bele se desf\u0103\u0219oar\u0103 \u00een grupe de maxim 4 p\u0103rin\u021bi, iar la cerere, exist\u0103 \u0219i posibilitatea parcurgerii cursului \u00een mod individual.<\/p>\n<p>Durata fiec\u0103rei \u00eent\u00e2lniri este de 1,5-2 ore, al\u0103turi de psihologul L\u0103crimioara Mezei, trainer cu acreditare interna\u021bional\u0103 \u00een Programul de Parenting.<\/p>\n<p>Cursul se adreseaz\u0103 \u00een egal\u0103 m\u0103sur\u0103 mamelor \u0219i ta\u021bilor, viitorilor p\u0103rin\u021bi, p\u0103rin\u021bilor adoptivi, bunicilor, asisten\u021bilor maternali, educatoarelor \u0219i \u00eengrijitoarelor din cre\u0219e \u0219i gr\u0103dini\u021be, precum \u0219i tuturor celor care au un rol semnificativ \u00een cre\u0219terea, \u00eengrijirea \u0219i educa\u021bia copiilor.<\/p>\n<\/div>\n<p><img decoding=\"async\" src=\"\/wp-content\/uploads\/image1-1.jpeg\" alt=\"\"><\/p>\n<p><!--more--><br \/>\n<!-- {\"name\":\"About us\",\"type\":\"layout\",\"children\":[{\"name\":\"Hero 2\",\"type\":\"section\",\"props\":{\"width\":\"default\",\"style\":\"default\",\"text_color\":\"light\",\"media\":\"images\\\/home-header.jpg\",\"height_viewport\":true,\"header_overlay\":\"light\",\"image\":\"wp-content\\\/uploads\\\/image1-1.jpeg\",\"media_advanced\":true,\"image_size\":\"cover\",\"media_background\":\"#fff\",\"media_overlay\":null,\"height\":\"expand\",\"animation\":\"fade\",\"image_fixed\":false,\"image_position\":\"center-center\",\"vertical_align\":\"middle\",\"title_position\":\"top-left\",\"title_rotation\":\"left\",\"title_breakpoint\":\"xl\",\"overlap\":false},\"children\":[{\"name\":\"\",\"type\":\"row\",\"props\":{\"margin\":\"large\",\"column_gap\":\"large\",\"row_gap\":\"large\"},\"children\":[{\"name\":\"\",\"type\":\"column\",\"props\":{\"image_position\":\"center-center\",\"media_overlay_gradient\":\"\",\"width_medium\":\"1-1\",\"position_sticky_breakpoint\":\"m\"},\"children\":[{\"name\":\"\",\"type\":\"headline\",\"props\":{\"title_element\":\"h2\",\"maxwidth\":\"xlarge\",\"animation\":\"slide-left-medium\",\"margin_remove_bottom\":true,\"title_decoration\":\"divider\"},\"source\":{\"query\":{\"name\":\"pages.singlePage\"},\"props\":{\"content\":{\"filters\":{\"search\":\"\"},\"name\":\"title\"}}}},{\"type\":\"quotation\",\"props\":{\"content\":\"Programul de Educa\\u021bie Parental\\u0103 \\u201cCercul Siguran\\u021bei\\u201d\",\"author\":\"\",\"margin_remove_top\":true,\"text_align\":\"left\",\"maxwidth\":\"xlarge\",\"animation\":\"slide-left-medium\"}}]}]}]},{\"name\":\"Titlu\",\"type\":\"section\",\"props\":{\"style\":\"default\",\"width\":\"default\",\"image_size\":\"cover\",\"vertical_align\":\"middle\",\"title_position\":\"top-left\",\"title_rotation\":\"left\",\"title_breakpoint\":\"xl\",\"image_position\":\"center-center\",\"padding_remove_bottom\":true,\"padding_remove_top\":false},\"children\":[{\"type\":\"row\",\"children\":[{\"type\":\"column\",\"props\":{\"image_position\":\"center-center\",\"media_overlay_gradient\":\"\",\"position_sticky_breakpoint\":\"m\"},\"children\":[]}]}]},{\"name\":\"About\",\"type\":\"section\",\"props\":{\"style\":\"default\",\"width\":\"default\",\"image_size\":\"cover\",\"padding_remove_bottom\":false,\"padding\":\"large\",\"image_position\":\"center-center\",\"vertical_align\":\"middle\",\"title_position\":\"top-left\",\"title_rotation\":\"left\",\"title_breakpoint\":\"xl\",\"padding_remove_top\":true},\"children\":[{\"name\":\"\",\"type\":\"row\",\"props\":{\"vertical_align\":true,\"margin\":\"remove-vertical\"},\"children\":[{\"name\":\"\",\"type\":\"column\",\"props\":{\"image_position\":\"center-center\",\"width_medium\":\"1-1\",\"media_overlay_gradient\":\"\",\"vertical_align\":\"middle\",\"position_sticky_breakpoint\":\"m\"},\"children\":[{\"name\":\"\",\"type\":\"headline\",\"props\":{\"title_element\":\"h2\",\"title_decoration\":\"line\",\"content\":\"Program\",\"title_style\":\"h3\"}}]}]},{\"type\":\"row\",\"children\":[{\"type\":\"column\",\"props\":{\"image_position\":\"center-center\",\"media_overlay_gradient\":\"\",\"width_medium\":\"\",\"position_sticky_breakpoint\":\"m\"},\"children\":[{\"name\":\"\",\"type\":\"text\",\"props\":{\"column_breakpoint\":\"m\",\"margin\":\"default\",\"content\":\"\n\n<p>Programul de Educa\\u021bie Parental\\u0103 \\u201eCercul Siguran\\u021bei\\u201d este un program recunoscut la nivel mondial, care reu\\u0219e\\u0219te s\\u0103 transforme peste 50 de ani de cercetare \\u00een domeniul ata\\u0219amentului \\u00een informa\\u021bii c\\u00e2t mai accesibile p\\u0103rin\\u021bilor \\u0219i de a le oferi acestora:<\\\/p>\\n\n\n<ul class=\\\"uk-list\\\">\\n\n\n<li><span uk-icon=\\\"icon: check\\\"><\\\/span> O cale de a recunoa\\u0219te rapid \\u0219i corect nevoia pe care o manifest\\u0103 copilul \\u00een orice moment;<\\\/li>\\n\n\n<li><span uk-icon=\\\"icon: check\\\"><\\\/span> O cale de a \\u00een\\u021belege mesajul care se afl\\u0103 \\u00een spatele comportamentelor copilului, chiar \\u0219i a celor dificile;<\\\/li>\\n\n\n<li><span uk-icon=\\\"icon: check\\\"><\\\/span> \\u00cenv\\u0103\\u021barea \\u0219i \\u00eendrumarea a ceea ce presupune s\\u0103 \\u201cfii conectat cu copilul\\u201d \\u0219i con\\u0219tientizarea ecoului lipsei de conectare asupra dezvolt\\u0103rii copilului;<\\\/li>\\n\n\n<li><span uk-icon=\\\"icon: check\\\"><\\\/span> \\u00cen\\u021belegerea \\u0219i gestionarea situa\\u021biilor \\u00een care copilul for\\u021beaz\\u0103 limitele;<\\\/li>\\n\n\n<li><span uk-icon=\\\"icon: check\\\"><\\\/span> \\u00cen\\u021belegerea, prevenirea \\u0219i gestionarea acceselor de furie ale copilului;<\\\/li>\\n\n\n<li><span uk-icon=\\\"icon: check\\\"><\\\/span> \\u00cenv\\u0103\\u021barea metodelor de reparare a rupturilor intervenite \\u00een rela\\u021bia p\\u0103rinte-copil;<\\\/li>\\n\n\n<li><span uk-icon=\\\"icon: check\\\"><\\\/span> \\u00cenv\\u0103\\u021barea metodelor prin care copilul este ajutat s\\u0103 \\u00ee\\u0219i autoregleze emo\\u021biile;<\\\/li>\\n\n\n<li><span uk-icon=\\\"icon: check\\\"><\\\/span> Dezvoltarea capacit\\u0103\\u021bii de observare, identificare \\u0219i r\\u0103spuns adecvat nevoilor transmise de copil;<\\\/li>\\n\n\n<li><span uk-icon=\\\"icon: check\\\"><\\\/span> Descifrarea semnalelor copilului \\u0219i delimitarea indiciilor reale de cele false, pe care le reg\\u0103sim \\u00een comportamentul copilului, \\u00een\\u021beleg\\u00e2nd; comportamentele ca informa\\u021bii despre ce se \\u00eent\\u00e2mpl\\u0103 \\u00een rela\\u021bia p\\u0103rinte-copil;<\\\/li>\\n\n\n<li><span uk-icon=\\\"icon: check\\\"><\\\/span> Preg\\u0103tirea necesar\\u0103 pentru a face fa\\u021b\\u0103 cu succes diverselor situa\\u021bii ce intervin pe \\u00eentreg parcursul dezvolt\\u0103rii copilului;<\\\/li>\\n\n\n<li><span uk-icon=\\\"icon: check\\\"><\\\/span> Con\\u0219tientizarea mo\\u0219tenirii invizibile din familie \\u0219i a felului \\u00een care o perpetu\\u0103m;<\\\/li>\\n\n\n<li><span uk-icon=\\\"icon: check\\\"><\\\/span> O cale de a \\u00een\\u021belege nevoile legitime ale copiilor;<\\\/li>\\n\n\n<li><span uk-icon=\\\"icon: check\\\"><\\\/span> O cale de a \\u00een\\u021belege cum percepem acele nevoi(de ce unele par mai acceptabile dec\\u00e2t altele);<\\\/li>\\n\n\n<li><span uk-icon=\\\"icon: check\\\"><\\\/span> O cale de a \\u00een\\u021belege de ce accept\\u0103m u\\u0219or anumite nevoi ale copiilor \\u0219i avem dificult\\u0103\\u021bi cu altele;<\\\/li>\\n\n\n<li><span uk-icon=\\\"icon: check\\\"><\\\/span> Acces la acea parte din tine care e dispus\\u0103 s\\u0103-\\u0219i dep\\u0103\\u0219easc\\u0103 disconfortul pentru a prioritiza nevoile copilului.<\\\/li>\\n<\\\/ul>\",\"maxwidth\":\"2xlarge\",\"block_align\":\"right\"}}]}]},{\"name\":\"\",\"type\":\"row\",\"props\":{\"margin\":\"medium\",\"vertical_align\":true},\"children\":[{\"name\":\"\",\"type\":\"column\",\"props\":{\"image_position\":\"center-center\",\"width_medium\":\"1-1\",\"media_overlay_gradient\":\"\",\"vertical_align\":\"middle\",\"position_sticky_breakpoint\":\"m\"},\"children\":[{\"name\":\"\",\"type\":\"headline\",\"props\":{\"title_element\":\"h2\",\"title_decoration\":\"line\",\"content\":\"Beneficii\",\"title_style\":\"h3\"}},{\"name\":\"\",\"type\":\"text\",\"props\":{\"column_breakpoint\":\"m\",\"margin\":\"default\",\"content\":\"\n\n<p>Beneficiile pe care le vei putea observa \\u00een scurt timp de la \\u00eenceperea cursului:<\\\/p>\\n\n\n<ul>\\n\n\n<li>Mai pu\\u021bine momente de confuzie, frustrare, furie \\u0219i mai multe experien\\u021be de cooperare, conectare \\u0219i bucurie \\u00een rela\\u021bia cu copilul;<\\\/li>\\n\n\n<li>Mai pu\\u021bine conflicte p\\u0103rinte-copil;<\\\/li>\\n\n\n<li>Bucuria de a descoperi c\\u0103 suntem capabili s\\u0103 influen\\u021b\\u0103m felul \\u00een care copilul se simte \\u0219i se poart\\u0103;<\\\/li>\\n\n\n<li>\\u00cembun\\u0103t\\u0103\\u021birea rela\\u021biei cu copilul;<\\\/li>\\n\n\n<li>Un stil mai confortabil, \\u00eencrez\\u0103tor \\u0219i mai detensionat \\u00een cre\\u0219terea copilului;<\\\/li>\\n\n\n<li>Dob\\u00e2ndirea unei imagini clare despre cum func\\u021bioneaz\\u0103 toate tipurile de rela\\u021bii;<\\\/li>\\n\n\n<li>Aplicabilitatea lucrurilor \\u00eenv\\u0103\\u021bate la curs \\u0219i \\u00een via\\u021ba personal\\u0103, nu doar \\u00een rela\\u021bia p\\u0103rinte-copil;<\\\/li>\\n\n\n<li>Utilizarea reflec\\u021biei asupra propriilor experien\\u021be pentru gestionarea propriilor emo\\u021bii.<\\\/li>\\n<\\\/ul>\\n\n\n<p>Programul de Educa\\u021bie Parental\\u0103 \\u201eCercul Siguran\\u021bei\\u201d cuprinde 8 \\u0219edin\\u021be (1 \\u00eent\\u00e2lnire\\\/s\\u0103pt\\u0103m\\u00e2n\\u0103) \\u0219i se deruleaz\\u0103 pe parcursul a 8 s\\u0103pt\\u0103m\\u00e2ni consecutive.<\\\/p>\\n\n\n<p>\\u0218edin\\u021bele se desf\\u0103\\u0219oar\\u0103 \\u00een grupe de maxim 4 p\\u0103rin\\u021bi, iar la cerere, exist\\u0103 \\u0219i posibilitatea parcurgerii cursului \\u00een mod individual.<\\\/p>\\n\n\n<p>Durata fiec\\u0103rei \\u00eent\\u00e2lniri este de 1,5-2 ore, al\\u0103turi de psihologul L\\u0103crimioara Mezei, trainer cu acreditare interna\\u021bional\\u0103 \\u00een Programul de Parenting.<\\\/p>\\n\n\n<p>Cursul se adreseaz\\u0103 \\u00een egal\\u0103 m\\u0103sur\\u0103 mamelor \\u0219i ta\\u021bilor, viitorilor p\\u0103rin\\u021bi, p\\u0103rin\\u021bilor adoptivi, bunicilor, asisten\\u021bilor maternali, educatoarelor \\u0219i \\u00eengrijitoarelor din cre\\u0219e \\u0219i gr\\u0103dini\\u021be, precum \\u0219i tuturor celor care au un rol semnificativ \\u00een cre\\u0219terea, \\u00eengrijirea \\u0219i educa\\u021bia copiilor.<\\\/p>\",\"maxwidth\":\"2xlarge\",\"block_align\":\"right\"}},{\"type\":\"image\",\"props\":{\"margin\":\"default\",\"image_svg_color\":\"emphasis\",\"image\":\"wp-content\\\/uploads\\\/image1-1.jpeg\",\"image_border\":\"rounded\"}}]}]}]}],\"version\":\"2.7.22\"} --><\/p>\n","protected":false},"excerpt":{"rendered":"<p>Programul de Educa\u021bie Parental\u0103 \u201cCercul Siguran\u021bei\u201d Program Programul de Educa\u021bie Parental\u0103 \u201eCercul Siguran\u021bei\u201d este un program recunoscut la nivel mondial, care reu\u0219e\u0219te s\u0103 transforme peste 50 de ani de cercetare \u00een domeniul ata\u0219amentului \u00een informa\u021bii c\u00e2t mai accesibile p\u0103rin\u021bilor \u0219i de a le oferi acestora: O cale de a recunoa\u0219te rapid \u0219i corect nevoia pe [&hellip;]<\/p>\n","protected":false},"author":2,"featured_media":0,"parent":0,"menu_order":0,"comment_status":"closed","ping_status":"closed","template":"","meta":{"footnotes":""},"class_list":["post-427","page","type-page","status-publish","hentry"],"_links":{"self":[{"href":"https:\/\/lacrimioaramezei.ro\/en\/wp-json\/wp\/v2\/pages\/427","targetHints":{"allow":["GET"]}}],"collection":[{"href":"https:\/\/lacrimioaramezei.ro\/en\/wp-json\/wp\/v2\/pages"}],"about":[{"href":"https:\/\/lacrimioaramezei.ro\/en\/wp-json\/wp\/v2\/types\/page"}],"author":[{"embeddable":true,"href":"https:\/\/lacrimioaramezei.ro\/en\/wp-json\/wp\/v2\/users\/2"}],"replies":[{"embeddable":true,"href":"https:\/\/lacrimioaramezei.ro\/en\/wp-json\/wp\/v2\/comments?post=427"}],"version-history":[{"count":3,"href":"https:\/\/lacrimioaramezei.ro\/en\/wp-json\/wp\/v2\/pages\/427\/revisions"}],"predecessor-version":[{"id":1222,"href":"https:\/\/lacrimioaramezei.ro\/en\/wp-json\/wp\/v2\/pages\/427\/revisions\/1222"}],"wp:attachment":[{"href":"https:\/\/lacrimioaramezei.ro\/en\/wp-json\/wp\/v2\/media?parent=427"}],"curies":[{"name":"wp","href":"https:\/\/api.w.org\/{rel}","templated":true}]}}