{"id":454,"date":"2019-09-05T09:46:04","date_gmt":"2019-09-05T06:46:04","guid":{"rendered":"https:\/\/mezei-sensley.ro\/?page_id=454"},"modified":"2020-09-24T23:22:00","modified_gmt":"2020-09-24T20:22:00","slug":"coaching-individual","status":"publish","type":"page","link":"https:\/\/lacrimioaramezei.ro\/en\/coaching-individual\/","title":{"rendered":"Coaching individual"},"content":{"rendered":"<h2>Coaching individual<\/h2>\n<blockquote>\n<p>    Energia min\u021bii reprezint\u0103 esen\u021ba vie\u021bii.<\/p>\n<footer>\n<p>                <cite>Aristotel<\/cite><\/p>\n<\/footer>\n<\/blockquote>\n<p><img decoding=\"async\" src=\"\/wp-content\/uploads\/01.jpg\" alt=\"Coaching individual\"><\/p>\n<h3>Coaching individual<\/h3>\n<div>I\u021bi po\u021bi \u00eembun\u0103t\u0103\u021bi performantele personale printr-o sesiune personalizat\u0103 de coaching individual, un proces sistematizat de \u00eenv\u0103\u021bare unu-la-unu, orientat spre rezultate:<\/div>\n<div>\n<ul class=\"uk-list\">\n<li><span uk-icon=\"icon: check\"><\/span> identificarea \u0219i stabilirea corect\u0103 a obiectivelor din diverse domenii ale vie\u021bii;<\/li>\n<li><span uk-icon=\"icon: check\"><\/span> ini\u021bierea \u0219i gestionarea schimb\u0103rilor personale<\/li>\n<li><span uk-icon=\"icon: check\"><\/span> dezvoltarea personal\u0103;<\/li>\n<li><span uk-icon=\"icon: check\"><\/span> \u00eembun\u0103t\u0103\u021birea comunic\u0103rii;<\/li>\n<li><span uk-icon=\"icon: check\"><\/span> cre\u0219terea \u00eencrederii \u00een sine;<\/li>\n<li><span uk-icon=\"icon: check\"><\/span> reducerea stresului;<\/li>\n<li><span uk-icon=\"icon: check\"><\/span> optimizarea stilului de via\u021b\u0103.<\/li>\n<\/ul>\n<\/div>\n<p><!-- {\"name\":\"Spots\",\"type\":\"layout\",\"children\":[{\"name\":\"Hero 2\",\"type\":\"section\",\"props\":{\"width\":\"default\",\"style\":\"default\",\"text_color\":\"light\",\"media\":\"images\\\/home-header.jpg\",\"height_viewport\":true,\"header_overlay\":\"light\",\"image\":\"wp-content\\\/uploads\\\/Coaching-individual.jpg\",\"media_advanced\":true,\"image_size\":\"cover\",\"media_background\":\"#fff\",\"media_overlay\":null,\"height\":\"expand\",\"animation\":\"fade\",\"image_fixed\":false,\"image_position\":\"center-center\",\"vertical_align\":\"middle\",\"title_position\":\"top-left\",\"title_rotation\":\"left\",\"title_breakpoint\":\"xl\",\"overlap\":false},\"children\":[{\"name\":\"\",\"type\":\"row\",\"props\":{\"margin\":\"large\",\"column_gap\":\"large\",\"row_gap\":\"large\"},\"children\":[{\"name\":\"\",\"type\":\"column\",\"props\":{\"image_position\":\"center-center\",\"media_overlay_gradient\":\"\",\"width_medium\":\"1-1\"},\"children\":[{\"name\":\"\",\"type\":\"headline\",\"props\":{\"title_element\":\"h2\",\"content\":\"Coaching individual\",\"maxwidth\":\"xlarge\",\"animation\":\"slide-left-medium\",\"margin_remove_bottom\":true,\"title_decoration\":\"divider\"}},{\"type\":\"quotation\",\"props\":{\"content\":\"Energia min\\u021bii reprezint\\u0103 esen\\u021ba vie\\u021bii.\",\"author\":\"Aristotel\",\"margin_remove_top\":true,\"text_align\":\"left\",\"maxwidth\":\"xlarge\",\"animation\":\"slide-left-medium\"}}]}]}]},{\"name\":\"Services\",\"type\":\"section\",\"props\":{\"style\":\"default\",\"width\":\"default\",\"image_size\":\"cover\",\"padding_remove_top\":false,\"padding\":\"large\",\"vertical_align\":\"middle\",\"title_position\":\"top-left\",\"title_rotation\":\"left\",\"title_breakpoint\":\"xl\",\"image_position\":\"center-center\"},\"children\":[{\"name\":\"\",\"type\":\"row\",\"props\":{\"layout\":\"1-3,2-3\",\"column_gap\":\"large\",\"row_gap\":\"large\"},\"children\":[{\"name\":\"\",\"type\":\"column\",\"props\":{\"image_position\":\"center-center\",\"media_overlay_gradient\":\"\",\"width_medium\":\"1-3\"},\"children\":[{\"name\":\"\",\"type\":\"image\",\"props\":{\"margin\":\"default\",\"image\":\"wp-content\\\/uploads\\\/01.jpg\",\"image_alt\":\"Coaching individual\",\"image_width\":\"900\",\"image_svg_color\":\"emphasis\",\"image_border\":\"rounded\"}}]},{\"name\":\"\",\"type\":\"column\",\"props\":{\"image_position\":\"center-center\",\"media_overlay_gradient\":\"\",\"width_medium\":\"2-3\"},\"children\":[{\"name\":\"\",\"type\":\"headline\",\"props\":{\"title_element\":\"h3\",\"content\":\"Coaching individual\",\"title_decoration\":\"line\",\"title_style\":\"h3\"}},{\"name\":\"\",\"type\":\"text\",\"props\":{\"margin\":\"default\",\"column_breakpoint\":\"m\",\"text_size\":\"large\",\"content\":\"I\\u021bi po\\u021bi \\u00eembun\\u0103t\\u0103\\u021bi performantele personale printr-o sesiune personalizat\\u0103 de coaching individual, un proces sistematizat de \\u00eenv\\u0103\\u021bare unu-la-unu, orientat spre rezultate:\",\"text_style\":\"meta\"}},{\"name\":\"\",\"type\":\"text\",\"props\":{\"column_breakpoint\":\"m\",\"margin\":\"medium\",\"content\":\"\n\n<ul class=\\\"uk-list\\\">\\n\n\n<li><span uk-icon=\\\"icon: check\\\"><\\\/span> identificarea \\u0219i stabilirea corect\\u0103 a obiectivelor din diverse domenii ale vie\\u021bii;<\\\/li>\\n\n\n<li><span uk-icon=\\\"icon: check\\\"><\\\/span> ini\\u021bierea \\u0219i gestionarea schimb\\u0103rilor personale<\\\/li>\\n\n\n<li><span uk-icon=\\\"icon: check\\\"><\\\/span> dezvoltarea personal\\u0103;<\\\/li>\\n\n\n<li><span uk-icon=\\\"icon: check\\\"><\\\/span> \\u00eembun\\u0103t\\u0103\\u021birea comunic\\u0103rii;<\\\/li>\\n\n\n<li><span uk-icon=\\\"icon: check\\\"><\\\/span> cre\\u0219terea \\u00eencrederii \\u00een sine;<\\\/li>\\n\n\n<li><span uk-icon=\\\"icon: check\\\"><\\\/span> reducerea stresului;<\\\/li>\\n\n\n<li><span uk-icon=\\\"icon: check\\\"><\\\/span> optimizarea stilului de via\\u021b\\u0103.<\\\/li>\\n<\\\/ul>\",\"dropcap\":false}}]}]}]}],\"version\":\"2.2.5\"} --><\/p>\n","protected":false},"excerpt":{"rendered":"<p>Coaching individual Energia min\u021bii reprezint\u0103 esen\u021ba vie\u021bii. Aristotel Coaching individual I\u021bi po\u021bi \u00eembun\u0103t\u0103\u021bi performantele personale printr-o sesiune personalizat\u0103 de coaching individual, un proces sistematizat de \u00eenv\u0103\u021bare unu-la-unu, orientat spre rezultate: identificarea \u0219i stabilirea corect\u0103 a obiectivelor din diverse domenii ale vie\u021bii; ini\u021bierea \u0219i gestionarea schimb\u0103rilor personale dezvoltarea personal\u0103; \u00eembun\u0103t\u0103\u021birea comunic\u0103rii; cre\u0219terea \u00eencrederii \u00een sine; reducerea [&hellip;]<\/p>\n","protected":false},"author":2,"featured_media":0,"parent":0,"menu_order":0,"comment_status":"closed","ping_status":"closed","template":"","meta":{"footnotes":""},"class_list":["post-454","page","type-page","status-publish","hentry"],"_links":{"self":[{"href":"https:\/\/lacrimioaramezei.ro\/en\/wp-json\/wp\/v2\/pages\/454","targetHints":{"allow":["GET"]}}],"collection":[{"href":"https:\/\/lacrimioaramezei.ro\/en\/wp-json\/wp\/v2\/pages"}],"about":[{"href":"https:\/\/lacrimioaramezei.ro\/en\/wp-json\/wp\/v2\/types\/page"}],"author":[{"embeddable":true,"href":"https:\/\/lacrimioaramezei.ro\/en\/wp-json\/wp\/v2\/users\/2"}],"replies":[{"embeddable":true,"href":"https:\/\/lacrimioaramezei.ro\/en\/wp-json\/wp\/v2\/comments?post=454"}],"version-history":[{"count":3,"href":"https:\/\/lacrimioaramezei.ro\/en\/wp-json\/wp\/v2\/pages\/454\/revisions"}],"predecessor-version":[{"id":1000,"href":"https:\/\/lacrimioaramezei.ro\/en\/wp-json\/wp\/v2\/pages\/454\/revisions\/1000"}],"wp:attachment":[{"href":"https:\/\/lacrimioaramezei.ro\/en\/wp-json\/wp\/v2\/media?parent=454"}],"curies":[{"name":"wp","href":"https:\/\/api.w.org\/{rel}","templated":true}]}}