{"id":483,"date":"2019-09-05T10:25:11","date_gmt":"2019-09-05T07:25:11","guid":{"rendered":"https:\/\/mezei-sensley.ro\/?page_id=483"},"modified":"2023-03-11T15:12:19","modified_gmt":"2023-03-11T12:12:19","slug":"contact","status":"publish","type":"page","link":"https:\/\/lacrimioaramezei.ro\/en\/contact\/","title":{"rendered":"Contact"},"content":{"rendered":"<h1>Contact<\/h1>\n<p><img decoding=\"async\" src=\"\/wp-content\/uploads\/lm.jpg\" alt=\"Contact L\u0103crimioara Mezei\"><\/p>\n<div>\n<p>47.0559,21.9319<\/p>\n<h3>L\u0103crimioara Mezei <\/h3>\n<div>Oradea, Str. Libert\u0103\u021bii nr. 12, etaj 2<\/div>\n<\/div>\n<h2>L\u0103crimioara Mezei<\/h2>\n<div>Therapy, Parenting, Leadership &#038; Life Coaching <\/div>\n<h3>Detalii de contact<\/h3>\n<div>\n<p><a href=\"https:\/\/www.google.com\/maps\/place\/Strada+Libert%C4%83%C8%9Bii+12,+Oradea\/@47.0558714,21.9293515,17z\/data=!3m1!4b1!4m5!3m4!1s0x474647e645b6ab17:0x70ebe469e31496d1!8m2!3d47.0558714!4d21.9315402\"><span uk-icon=\"icon: location\"><\/span> Oradea, Str. Libert\u0103\u021bii nr. 12, etaj 2<\/p>\n<p><a href=\"mailto:contact@lacrimioaramezei.ro\" target=\"_blank\"> <span uk-icon=\"icon: mail\"><\/span> contact@lacrimioaramezei.ro<\/a><\/p>\n<p> <a href=\"tel:0771338727\" target=\"_blank\"><span uk-icon=\"icon: phone\"><\/span> 0771.338.727<\/a><br \/><\/a><\/p>\n<\/div>\n<ul>\n<li><a href=\"https:\/\/www.facebook.com\/L%C4%83crimioara-Mezei-102774277804474\">facebook<\/a>\n<\/li>\n<li><a href=\"https:\/\/www.linkedin.com\/in\/l%C4%83crimioara-mezei-954a55193\/?originalSubdomain=ro\">linkedin<\/a>\n<\/li>\n<\/ul>\n<blockquote>\n<p>    \u201cDup\u0103 \u00eent\u00e2lnirile avute cu tine, am realizat c\u0103 de fapt eu sunt chiar o \u00eenving\u0103toare, c\u0103 deja sunt alt om, care pot din ce \u00een ce mai mult. Este greu ca dup\u0103 ani \u00eentregi \u00een care nu am fost atent\u0103 cu persoana mea s\u0103 trec pe primul loc. Schimbarea a fost bine primit\u0103 de cei din jurul meu\u2026 pot spune c\u0103 \u0219edin\u021bele avute cu tine ne-au schimbat modul de via\u021b\u0103. Cum m\u0103 simt acum? M\u0103 simt bine \u00een corpul meu. M\u0103 bucur de fiecare zi, \u0219tiu s\u0103 m\u0103 organizez mult mai bine. Nu mai am reac\u021bii de impuls, analizez situa\u021bia \u0219i \u00eencerc s\u0103 g\u0103sesc cea mai bun\u0103 solu\u021bie. Au fost ni\u0219te luni minunate, \u00een care am \u00eenv\u0103\u021bat un lucru foarte important: \u201enimic nu este imposibil\u201d. Am reu\u0219it ce nu am reu\u0219it \u00een ultimii 14 ani. Nu cred c\u0103 num\u0103rul de kilograme date jos este cea mai mare realizare ob\u021binut\u0103 de mine \u00een aceast\u0103 perioad\u0103, ci faptul c\u0103 am \u00eenv\u0103\u021bat cum pot s\u0103 m\u0103 pun pe mine pe primul loc f\u0103r\u0103 a-mi neglija familia.\u201d <\/p>\n<footer>\n<p>                <cite>I.C.<\/cite><\/p>\n<\/footer>\n<\/blockquote>\n<blockquote>\n<p>    \u201cCu sprijinul t\u0103u, \u00eencet\u2026\u00eencet\u2026am reu\u0219it s\u0103 dau jos greutatea ce-mi ap\u0103sa sufletul. Cred c\u0103 atunci c\u00e2nd iei \u00een greutate, este ca \u0219i cum acel strat de gr\u0103sime ne-ar putea proteja la propriu de lumea exterioar\u0103. Trebuie s\u0103 ne \u00eenfrunt\u0103m amintirile dureroase \u0219i s\u0103 ne \u00eemp\u0103c\u0103m cu trecutul. Numai a\u0219a putem face curat \u00een suflet. Am reascultat melodia Courage to Change \u0219i m-am reg\u0103sit \u00een acele versuri. Am s\u0103 pre\u021buiesc \u0219i am s\u0103 pun \u00een suflet toate momentele. P\u00e2n\u0103 nu experimentezi \u0219i nu sim\u021bi pe propria piele\u2026nu \u00een\u021belegi anumite cuget\u0103ri\u2026cum ar fi aceea c\u0103\u2026nu este important\u0103 destina\u021bia, ci c\u0103l\u0103toria p\u00e2n\u0103 la destina\u021bie. Mul\u021bumesc pentru tot!\u201c<\/p>\n<footer>\n<p>                <cite>I.C.<\/cite><\/p>\n<\/footer>\n<\/blockquote>\n<p><!--more--><br \/>\n<!-- {\"children\":[{\"name\":\"Hero\",\"type\":\"section\",\"props\":{\"animation\":\"fade\",\"header_overlay\":\"light\",\"height\":\"expand\",\"height_viewport\":true,\"image\":\"wp-content\\\/uploads\\\/bridge-192986.jpg\",\"image_fixed\":false,\"image_position\":\"center-center\",\"image_size\":\"cover\",\"image_width\":\"2500\",\"media\":\"images\\\/home-header.jpg\",\"media_advanced\":true,\"media_background\":\"#fff\",\"overlap\":false,\"style\":\"default\",\"text_color\":\"light\",\"title_breakpoint\":\"xl\",\"title_position\":\"top-left\",\"title_rotation\":\"left\",\"vertical_align\":\"middle\",\"width\":\"default\"},\"children\":[{\"name\":\"\",\"type\":\"row\",\"props\":{\"column_gap\":\"large\",\"margin\":\"large\",\"row_gap\":\"large\"},\"children\":[{\"name\":\"\",\"type\":\"column\",\"props\":{\"image_position\":\"center-center\",\"media_overlay_gradient\":\"\",\"position_sticky_breakpoint\":\"m\",\"width_medium\":\"1-1\"},\"children\":[{\"name\":\"\",\"type\":\"headline\",\"props\":{\"animation\":\"slide-left-medium\",\"content\":\"Contact\",\"maxwidth\":\"large\",\"title_element\":\"h1\"}}]}]}]},{\"name\":\"Contact\",\"type\":\"section\",\"props\":{\"css\":\"@media (max-width: 1600px) {\\n    .el-section > * { background-size: 40%!important; }\\n}\",\"image\":\"\",\"image_position\":\"top-right\",\"image_width\":\"710\",\"media_visibility\":\"l\",\"style\":\"default\",\"title_breakpoint\":\"xl\",\"title_position\":\"top-left\",\"title_rotation\":\"left\",\"vertical_align\":\"middle\",\"width\":\"large\"},\"children\":[{\"name\":\"\",\"type\":\"row\",\"props\":{\"column_gap\":\"small\",\"layout\":\"1-3,1-3,1-3\",\"margin\":\"xlarge\",\"row_gap\":\"small\",\"vertical_align\":true},\"children\":[{\"name\":\"\",\"type\":\"column\",\"props\":{\"image_position\":\"center-center\",\"media_overlay_gradient\":\"\",\"order_first\":\"\",\"position_sticky_breakpoint\":\"m\",\"vertical_align\":\"middle\",\"width_medium\":\"1-3\"},\"children\":[{\"name\":\"\",\"type\":\"image\",\"props\":{\"image\":\"wp-content\\\/uploads\\\/lm.jpg\",\"image_alt\":\"Contact L\\u0103crimioara Mezei\",\"image_svg_color\":\"emphasis\",\"margin\":\"default\"}}]},{\"name\":\"\",\"type\":\"column\",\"props\":{\"image_position\":\"center-center\",\"media_overlay_gradient\":\"\",\"order_first\":\"\",\"position_sticky_breakpoint\":\"m\",\"vertical_align\":\"middle\",\"width_medium\":\"1-3\"},\"children\":[{\"name\":\"\",\"type\":\"map\",\"props\":{\"controls\":true,\"dragging\":true,\"height\":\"460\",\"image_svg_color\":\"emphasis\",\"link_style\":\"default\",\"link_text\":\"Read more\",\"margin\":\"default\",\"max_zoom\":18,\"meta_align\":\"below-title\",\"meta_element\":\"div\",\"meta_style\":\"text-meta\",\"min_zoom\":0,\"poi\":false,\"show_content\":true,\"show_image\":true,\"show_link\":true,\"show_meta\":true,\"show_title\":true,\"styler_lightness\":\"50\",\"styler_saturation\":\"-100\",\"title_element\":\"h3\",\"title_hover_style\":\"reset\",\"type\":\"roadmap\",\"width\":\"500\",\"width_breakpoint\":true,\"width_max\":false,\"zoom\":\"14\",\"zooming\":false},\"children\":[{\"name\":\"\",\"type\":\"map_item\",\"props\":{\"content\":\"Oradea, Str. Libert\\u0103\\u021bii nr. 12, etaj 2\",\"hide\":false,\"location\":\"47.0559,21.9319\",\"show_popup\":false,\"title\":\"L\\u0103crimioara Mezei \"}}]}]},{\"name\":\"\",\"type\":\"column\",\"props\":{\"css\":\"@media (max-width: 960px) {\\n\\t.el-column { padding-top: 20px; }\\n}\\n\\n@media (min-width: 960px) {\\n    .el-column { padding-left: 70px; }\\n}\",\"image_position\":\"center-center\",\"media_overlay_gradient\":\"\",\"order_first\":\"xs\",\"position_sticky_breakpoint\":\"m\",\"vertical_align\":\"middle\",\"width_medium\":\"1-3\"},\"children\":[{\"name\":\"\",\"type\":\"headline\",\"props\":{\"content\":\"L\\u0103crimioara Mezei\",\"title_element\":\"h2\"}},{\"name\":\"\",\"type\":\"text\",\"props\":{\"column_breakpoint\":\"m\",\"content\":\"Therapy, Parenting, Leadership & Life Coaching \",\"margin\":\"default\",\"text_style\":\"large\"}},{\"name\":\"\",\"type\":\"headline\",\"props\":{\"content\":\"Detalii de contact\",\"title_element\":\"h3\",\"title_style\":\"h5\"}},{\"name\":\"\",\"type\":\"description_list\",\"props\":{\"column_breakpoint\":\"m\",\"layout\":\"grid-2-m\",\"list_element\":\"ul\",\"list_size\":\"\",\"maxwidth\":\"medium\",\"meta_align\":\"below-content\",\"meta_style\":\"\",\"show_content\":true,\"show_link\":true,\"show_meta\":true,\"show_title\":true,\"title_element\":\"div\",\"title_grid_breakpoint\":\"\",\"title_grid_column_gap\":\"small\",\"title_grid_row_gap\":\"small\",\"title_grid_width\":\"expand\",\"title_leader\":true},\"children\":[{\"name\":\"\",\"type\":\"description_list_item\",\"props\":{\"content\":\"<span uk-icon=\\\"icon: location\\\"><\\\/span> Oradea, Str. Libert\\u0103\\u021bii nr. 12, etaj 2<br \/>\\n\\n<a href=\\\"mailto:contact@lacrimioaramezei.ro\\\" target=\\\"_blank\\\"> <span uk-icon=\\\"icon: mail\\\"><\\\/span> contact@lacrimioaramezei.ro<\\\/a><br \/>\\n\\n <a href=\\\"tel:0771338727\\\" target=\\\"_blank\\\"><span uk-icon=\\\"icon: phone\\\"><\\\/span> 0771.338.727<\\\/a><br \/>\",\"link\":\"https:\\\/\\\/www.google.com\\\/maps\\\/place\\\/Strada+Libert%C4%83%C8%9Bii+12,+Oradea\\\/@47.0558714,21.9293515,17z\\\/data=!3m1!4b1!4m5!3m4!1s0x474647e645b6ab17:0x70ebe469e31496d1!8m2!3d47.0558714!4d21.9315402\",\"link_target\":true,\"meta\":\"\",\"title\":\"\"}}]},{\"type\":\"social\",\"props\":{\"grid\":\"horizontal\",\"grid_gap\":\"small\",\"link_style\":\"button\",\"link_target\":true,\"margin\":\"default\"},\"children\":[{\"type\":\"social_item\",\"props\":{\"link\":\"https:\\\/\\\/www.facebook.com\\\/L%C4%83crimioara-Mezei-102774277804474\"}},{\"type\":\"social_item\",\"props\":{\"link\":\"https:\\\/\\\/www.linkedin.com\\\/in\\\/l%C4%83crimioara-mezei-954a55193\\\/?originalSubdomain=ro\"}}]}]}]}]},{\"type\":\"section\",\"props\":{\"image_position\":\"center-center\",\"style\":\"default\",\"title_breakpoint\":\"xl\",\"title_position\":\"top-left\",\"title_rotation\":\"left\",\"vertical_align\":\"middle\",\"width\":\"default\"},\"children\":[{\"type\":\"row\",\"children\":[{\"type\":\"column\",\"props\":{\"image_position\":\"center-center\",\"media_overlay_gradient\":\"\",\"position_sticky_breakpoint\":\"m\"},\"children\":[{\"name\":\"Quotation Author\",\"type\":\"quotation\",\"children\":null,\"props\":{\"author\":\"I.C.\",\"content\":\"\\u201cDup\\u0103 \\u00eent\\u00e2lnirile avute cu tine, am realizat c\\u0103 de fapt eu sunt chiar o \\u00eenving\\u0103toare, c\\u0103 deja sunt alt om, care pot din ce \\u00een ce mai mult. Este greu ca dup\\u0103 ani \\u00eentregi \\u00een care nu am fost atent\\u0103 cu persoana mea s\\u0103 trec pe primul loc. Schimbarea a fost bine primit\\u0103 de cei din jurul meu\\u2026 pot spune c\\u0103 \\u0219edin\\u021bele avute cu tine ne-au schimbat modul de via\\u021b\\u0103. Cum m\\u0103 simt acum? M\\u0103 simt bine \\u00een corpul meu. M\\u0103 bucur de fiecare zi, \\u0219tiu s\\u0103 m\\u0103 organizez mult mai bine. Nu mai am reac\\u021bii de impuls, analizez situa\\u021bia \\u0219i \\u00eencerc s\\u0103 g\\u0103sesc cea mai bun\\u0103 solu\\u021bie. Au fost ni\\u0219te luni minunate, \\u00een care am \\u00eenv\\u0103\\u021bat un lucru foarte important: \\u201enimic nu este imposibil\\u201d. Am reu\\u0219it ce nu am reu\\u0219it \\u00een ultimii 14 ani. Nu cred c\\u0103 num\\u0103rul de kilograme date jos este cea mai mare realizare ob\\u021binut\\u0103 de mine \\u00een aceast\\u0103 perioad\\u0103, ci faptul c\\u0103 am \\u00eenv\\u0103\\u021bat cum pot s\\u0103 m\\u0103 pun pe mine pe primul loc f\\u0103r\\u0103 a-mi neglija familia.\\u201d \",\"footer\":\"\"}},{\"name\":\"Quotation Author\",\"type\":\"quotation\",\"children\":null,\"props\":{\"author\":\"I.C.\",\"content\":\"\\u201cCu sprijinul t\\u0103u, \\u00eencet\\u2026\\u00eencet\\u2026am reu\\u0219it s\\u0103 dau jos greutatea ce-mi ap\\u0103sa sufletul. Cred c\\u0103 atunci c\\u00e2nd iei \\u00een greutate, este ca \\u0219i cum acel strat de gr\\u0103sime ne-ar putea proteja la propriu de lumea exterioar\\u0103. Trebuie s\\u0103 ne \\u00eenfrunt\\u0103m amintirile dureroase \\u0219i s\\u0103 ne \\u00eemp\\u0103c\\u0103m cu trecutul. Numai a\\u0219a putem face curat \\u00een suflet. Am reascultat melodia Courage to Change \\u0219i m-am reg\\u0103sit \\u00een acele versuri. Am s\\u0103 pre\\u021buiesc \\u0219i am s\\u0103 pun \\u00een suflet toate momentele. P\\u00e2n\\u0103 nu experimentezi \\u0219i nu sim\\u021bi pe propria piele\\u2026nu \\u00een\\u021belegi anumite cuget\\u0103ri\\u2026cum ar fi aceea c\\u0103\\u2026nu este important\\u0103 destina\\u021bia, ci c\\u0103l\\u0103toria p\\u00e2n\\u0103 la destina\\u021bie. Mul\\u021bumesc pentru tot!\\u201c\",\"footer\":\"\"}}]}]}]}],\"version\":\"3.0.25\",\"type\":\"layout\"} --><\/p>\n","protected":false},"excerpt":{"rendered":"<p>Contact 47.0559,21.9319 L\u0103crimioara Mezei Oradea, Str. Libert\u0103\u021bii nr. 12, etaj 2 L\u0103crimioara Mezei Therapy, Parenting, Leadership &#038; Life Coaching Detalii de contact Oradea, Str. Libert\u0103\u021bii nr. 12, etaj 2 contact@lacrimioaramezei.ro 0771.338.727 facebook linkedin \u201cDup\u0103 \u00eent\u00e2lnirile avute cu tine, am realizat c\u0103 de fapt eu sunt chiar o \u00eenving\u0103toare, c\u0103 deja sunt alt om, care pot [&hellip;]<\/p>\n","protected":false},"author":2,"featured_media":0,"parent":0,"menu_order":0,"comment_status":"closed","ping_status":"closed","template":"","meta":{"footnotes":""},"class_list":["post-483","page","type-page","status-publish","hentry"],"_links":{"self":[{"href":"https:\/\/lacrimioaramezei.ro\/en\/wp-json\/wp\/v2\/pages\/483","targetHints":{"allow":["GET"]}}],"collection":[{"href":"https:\/\/lacrimioaramezei.ro\/en\/wp-json\/wp\/v2\/pages"}],"about":[{"href":"https:\/\/lacrimioaramezei.ro\/en\/wp-json\/wp\/v2\/types\/page"}],"author":[{"embeddable":true,"href":"https:\/\/lacrimioaramezei.ro\/en\/wp-json\/wp\/v2\/users\/2"}],"replies":[{"embeddable":true,"href":"https:\/\/lacrimioaramezei.ro\/en\/wp-json\/wp\/v2\/comments?post=483"}],"version-history":[{"count":3,"href":"https:\/\/lacrimioaramezei.ro\/en\/wp-json\/wp\/v2\/pages\/483\/revisions"}],"predecessor-version":[{"id":1280,"href":"https:\/\/lacrimioaramezei.ro\/en\/wp-json\/wp\/v2\/pages\/483\/revisions\/1280"}],"wp:attachment":[{"href":"https:\/\/lacrimioaramezei.ro\/en\/wp-json\/wp\/v2\/media?parent=483"}],"curies":[{"name":"wp","href":"https:\/\/api.w.org\/{rel}","templated":true}]}}