{"id":707,"date":"2020-08-25T10:36:14","date_gmt":"2020-08-25T07:36:14","guid":{"rendered":"https:\/\/lacrimioaramezei.ro\/?page_id=707"},"modified":"2020-09-21T17:50:59","modified_gmt":"2020-09-21T14:50:59","slug":"termeni-si-conditii","status":"publish","type":"page","link":"https:\/\/lacrimioaramezei.ro\/en\/termeni-si-conditii\/","title":{"rendered":"Termeni \u0219i condi\u021bii"},"content":{"rendered":"<h1>Termeni \u0219i condi\u021bii<\/h1>\n<h2>Regulamentul de utilizare<\/h2>\n<div>\n<p>Prezentul document prin continutul sau pune la dispozitia tertilor utilizatori Regulamentul privind termenii si conditiile de utilizare a site-ului L\u0103crimioara Mezei.<\/p>\n<p>Site-ul este operat de societatea Cabinet Individual de Psihologie Mezei L\u0103crimioara Ioana, cu sediul \u00een Oradea, Str. Libert\u0103\u021bii nr. 12, et.2, av\u00e2nd codul de \u00eenregistrare fiscal\u0103 ANAF nr 42610950. Utilizarea site-ului (incluzand accesul si navigarea de pe acest site) constituie un acord implicit de respectare a termenilor si conditiilor enuntate in cuprinsul prezentului document cu toate efectele si consecintele ce decurg din aceasta.<\/p>\n<\/div>\n<h2>Continutul site-ului si drepturile de proprietate intelectuala<br \/>\n<\/h2>\n<div>\n<p>Continutul acestui site nu poate fi utilizat, reprodus, distribuit, transmis, expus, in alte scopuri decat cele expres si legal permise. Extragerea oricaror informatii urmata de orice utilizare in scop comercial care depaseste sfera copiei private reglementate de lege sau pentru vanzare ori licentiere si fara a avea in prealabil un consimtamant scris al titularului drepturilor de proprietate constituie o incalcare a termenilor si conditiilor.<\/p>\n<p>Sunteti de asemenea de acord sa nu afectati si interferati in vreun fel cu elementele de securitate ale site-ului, cu elementele care previn sau restrictioneaza utilizarea, copierea unui continut sau elemente care intaresc limitele de utilizare a siteului sau a continutului acestuia.<\/p>\n<p>Site-ul nu poate fi utilizat pentru a se posta sau transmite vreun material cu con\u021binut def\u0103im\u0103tor, amenin\u021b\u0103tor, obscen, indecent, instigator \u0219i altele asemenea. Ne rezerv\u0103m dreptul de a nu permite postarea \u0219i\/sau de a \u0219terge imediat \u0219i f\u0103r\u0103 vreo notificare prealabil\u0103 orice comentariu de pe site care con\u021bine un limbaj nepotrivit, erori grave de scriere sau care ar putea s\u0103 ne aduc\u0103 un prejudiciu de imagine \u0219i\/sau s\u0103 ne creeze o stare de disconfort, nou\u0103 sau clien\u021bilor \u0219i vizitatorilor.<\/p>\n<p>Nu putem garanta utilizarea discontinu\u0103 \u0219i ne\u00eentrerupt\u0103 a site-ului. Este posibil s\u0103 intervin\u0103 erori, defecte, viru\u0219i sau alte comportamente d\u0103un\u0103toare pe site sau pe servere care s\u0103 \u00eel fac\u0103 indisponibil. Vom lua toate m\u0103surile pentru a limita \u0219i pentru a \u00eenl\u0103tura asemenea evenimente nepl\u0103cute \u00een cel mai scurt timp posibil. Nu ave\u021bi dreptul s\u0103 interveni\u021bi \u00een operarea site-ului nostru \u0219i nici s\u0103 lua\u021bi vreo m\u0103sur\u0103 de interven\u021bie asupra echipamentului nostru informatic, indiferent de motiv \u0219i indiferent de rezultatul ob\u021binut. Ne rezerv\u0103m dreptul de a \u00eenceta sau restric\u021biona accesul oric\u0103rei persoane la site \u00een orice moment, f\u0103r\u0103 o notificare prealabil\u0103 \u0219i f\u0103r\u0103 r\u0103spundere, \u00een cazul \u00een care constat\u0103m nerespectarea prezen\u021bilor Termeni \u0219i condi\u021bii sau ineficien\u021ba raporturilor dintre p\u0103r\u021bi prin intermediul site-ului. Avem dreptul de a utiliza \u00een scopuri publicitare \u0219i nu numai a oric\u0103rui comentariu scris de vizitatorii sau membrii \u00eenregistra\u021bi pe site.<\/p>\n<p>Con\u021binutul prezentului site, inclusiv, dar f\u0103r\u0103 a se limita la logo, reprezent\u0103ri stilizate, simboluri, imagini, fotografii, con\u021binut texte \u0219i altele asemenea, precum \u0219i \u00eentreg con\u021binutul informa\u021biilor cuprinse \u00een articole \u0219i materiale video sunt proprietatea exclusiv\u0103 a <strong>L\u0103crimioara Mezei<\/strong>. Niciun Client nu dob\u00e2nde\u0219te, prin utilizarea \u0219i accesarea site-ului vreun drept sau vreo licen\u021b\u0103 de utilizare sau vreun drept de proprietate intelectual\u0103\/industrial\u0103 asupra materialelor prezente pe site.<\/p>\n<\/div>\n<h2>Dispozi\u021bii finale<\/h2>\n<div>\n<p>Acest site este de\u021binut de c\u0103tre <strong>L\u0103crimioara Mezei<\/strong>, care v\u0103 ofer\u0103 dreptul de a accesa \u0219i utiliza site-ul sub rezerva accept\u0103rii de c\u0103tre dumneavoastr\u0103 a acestor Termeni \u0219i condi\u021bii. Acces\u00e2nd \u0219i utiliz\u00e2nd site-ul v\u0103 oferi\u021bi automat \u0219i neechivoc acordul pentru respectarea Termenilor \u0219i condi\u021biilor de pe site.<\/p>\n<p><strong>L\u0103crimioara Mezei<\/strong> are dreptul de a modifica Termenii \u0219i condi\u021biile oric\u00e2nd, f\u0103r\u0103 o notificare prealabil\u0103, post\u00e2nd varianta actualizat\u0103 pe site, iar Clientul are obliga\u021bia de a citi Termenii \u0219i condi\u021biile ori de c\u00e2te ori acceseaz\u0103 site-ul. Clientul are obliga\u021bia de a respecta \u00eentocmai Termenii \u0219i condi\u021biile de pe site \u0219i nu poate pretinde \u0219i nu se poate ap\u0103ra cu necunoa\u0219terea Termenilor \u0219i condi\u021biilor de pe site, valabili la data acces\u0103rii, utiliz\u0103rii ori \u00een cazul \u00eenscrierii la un eveniment.<\/p>\n<\/div>\n<p><!-- {\"name\":\"pagina generica\",\"type\":\"layout\",\"children\":[{\"name\":\"Hero\",\"type\":\"section\",\"props\":{\"width\":\"default\",\"style\":\"default\",\"text_color\":\"light\",\"media\":\"images\\\/home-header.jpg\",\"height_viewport\":true,\"header_overlay\":\"light\",\"image\":\"wp-content\\\/uploads\\\/bridge-192986.jpg\",\"media_advanced\":true,\"image_size\":\"cover\",\"media_background\":\"#fff\",\"media_overlay\":null,\"height\":\"expand\",\"animation\":\"fade\",\"image_fixed\":false,\"image_position\":\"\",\"vertical_align\":\"middle\",\"title_position\":\"top-left\",\"title_rotation\":\"left\",\"title_breakpoint\":\"xl\",\"image_width\":\"2500\",\"overlap\":false},\"children\":[{\"name\":\"\",\"type\":\"row\",\"props\":{\"margin\":\"large\",\"column_gap\":\"large\",\"row_gap\":\"large\"},\"children\":[{\"name\":\"\",\"type\":\"column\",\"props\":{\"image_position\":\"center-center\",\"media_overlay_gradient\":\"\",\"width_medium\":\"1-1\"},\"children\":[{\"name\":\"\",\"type\":\"headline\",\"props\":{\"title_element\":\"h1\",\"content\":\"Termeni \\u0219i condi\\u021bii\",\"maxwidth\":\"xlarge\",\"animation\":\"slide-left-medium\"}}]}]}]},{\"type\":\"section\",\"props\":{\"style\":\"default\",\"width\":\"default\",\"vertical_align\":\"middle\",\"title_position\":\"top-left\",\"title_rotation\":\"left\",\"title_breakpoint\":\"xl\",\"image_position\":\"center-center\"},\"children\":[{\"type\":\"row\",\"children\":[{\"type\":\"column\",\"props\":{\"image_position\":\"center-center\",\"media_overlay_gradient\":\"\",\"width_medium\":\"1-1\"},\"children\":[{\"name\":\"Headline\",\"type\":\"headline\",\"props\":{\"title_element\":\"h2\",\"content\":\"Regulamentul de utilizare\",\"title_style\":\"h3\",\"maxwidth\":\"2xlarge\",\"text_align\":\"left\",\"parallax_target\":false,\"block_align\":\"center\",\"margin\":\"medium\",\"margin_remove_top\":true,\"margin_remove_bottom\":true,\"title_decoration\":\"line\"}},{\"type\":\"text\",\"props\":{\"margin\":\"default\",\"column_breakpoint\":\"m\",\"maxwidth\":\"2xlarge\",\"block_align\":\"center\",\"text_align\":\"justify\",\"content\":\"\n\n<p>Prezentul document prin continutul sau pune la dispozitia tertilor utilizatori Regulamentul privind termenii si conditiile de utilizare a site-ului L\\u0103crimioara Mezei.<\\\/p>\\n\n\n<p>Site-ul este operat de societatea Cabinet Individual de Psihologie Mezei L\\u0103crimioara Ioana, cu sediul \\u00een Oradea, Str. Libert\\u0103\\u021bii nr. 12, et.2, av\\u00e2nd codul de \\u00eenregistrare fiscal\\u0103 ANAF nr 42610950. Utilizarea site-ului (incluzand accesul si navigarea de pe acest site) constituie un acord implicit de respectare a termenilor si conditiilor enuntate in cuprinsul prezentului document cu toate efectele si consecintele ce decurg din aceasta.<\\\/p>\"}},{\"name\":\"Headline\",\"type\":\"headline\",\"props\":{\"title_element\":\"h2\",\"content\":\"Continutul site-ului si drepturile de proprietate intelectuala\\n\",\"title_style\":\"h3\",\"maxwidth\":\"2xlarge\",\"text_align\":\"left\",\"parallax_target\":false,\"block_align\":\"center\",\"margin\":\"medium\",\"margin_remove_top\":true,\"margin_remove_bottom\":true,\"title_decoration\":\"line\"}},{\"type\":\"text\",\"props\":{\"margin\":\"default\",\"column_breakpoint\":\"m\",\"maxwidth\":\"2xlarge\",\"block_align\":\"center\",\"text_align\":\"justify\",\"content\":\"\n\n<p>Continutul acestui site nu poate fi utilizat, reprodus, distribuit, transmis, expus, in alte scopuri decat cele expres si legal permise. Extragerea oricaror informatii urmata de orice utilizare in scop comercial care depaseste sfera copiei private reglementate de lege sau pentru vanzare ori licentiere si fara a avea in prealabil un consimtamant scris al titularului drepturilor de proprietate constituie o incalcare a termenilor si conditiilor.<\\\/p>\\n\n\n<p>Sunteti de asemenea de acord sa nu afectati si interferati in vreun fel cu elementele de securitate ale site-ului, cu elementele care previn sau restrictioneaza utilizarea, copierea unui continut sau elemente care intaresc limitele de utilizare a siteului sau a continutului acestuia.<\\\/p>\\n\n\n<p>Site-ul nu poate fi utilizat pentru a se posta sau transmite vreun material cu con\\u021binut def\\u0103im\\u0103tor, amenin\\u021b\\u0103tor, obscen, indecent, instigator \\u0219i altele asemenea. Ne rezerv\\u0103m dreptul de a nu permite postarea \\u0219i\\\/sau de a \\u0219terge imediat \\u0219i f\\u0103r\\u0103 vreo notificare prealabil\\u0103 orice comentariu de pe site care con\\u021bine un limbaj nepotrivit, erori grave de scriere sau care ar putea s\\u0103 ne aduc\\u0103 un prejudiciu de imagine \\u0219i\\\/sau s\\u0103 ne creeze o stare de disconfort, nou\\u0103 sau clien\\u021bilor \\u0219i vizitatorilor.<\\\/p>\\n\n\n<p>Nu putem garanta utilizarea discontinu\\u0103 \\u0219i ne\\u00eentrerupt\\u0103 a site-ului. Este posibil s\\u0103 intervin\\u0103 erori, defecte, viru\\u0219i sau alte comportamente d\\u0103un\\u0103toare pe site sau pe servere care s\\u0103 \\u00eel fac\\u0103 indisponibil. Vom lua toate m\\u0103surile pentru a limita \\u0219i pentru a \\u00eenl\\u0103tura asemenea evenimente nepl\\u0103cute \\u00een cel mai scurt timp posibil. Nu ave\\u021bi dreptul s\\u0103 interveni\\u021bi \\u00een operarea site-ului nostru \\u0219i nici s\\u0103 lua\\u021bi vreo m\\u0103sur\\u0103 de interven\\u021bie asupra echipamentului nostru informatic, indiferent de motiv \\u0219i indiferent de rezultatul ob\\u021binut. Ne rezerv\\u0103m dreptul de a \\u00eenceta sau restric\\u021biona accesul oric\\u0103rei persoane la site \\u00een orice moment, f\\u0103r\\u0103 o notificare prealabil\\u0103 \\u0219i f\\u0103r\\u0103 r\\u0103spundere, \\u00een cazul \\u00een care constat\\u0103m nerespectarea prezen\\u021bilor Termeni \\u0219i condi\\u021bii sau ineficien\\u021ba raporturilor dintre p\\u0103r\\u021bi prin intermediul site-ului. Avem dreptul de a utiliza \\u00een scopuri publicitare \\u0219i nu numai a oric\\u0103rui comentariu scris de vizitatorii sau membrii \\u00eenregistra\\u021bi pe site.<\\\/p>\\n\n\n<p>Con\\u021binutul prezentului site, inclusiv, dar f\\u0103r\\u0103 a se limita la logo, reprezent\\u0103ri stilizate, simboluri, imagini, fotografii, con\\u021binut texte \\u0219i altele asemenea, precum \\u0219i \\u00eentreg con\\u021binutul informa\\u021biilor cuprinse \\u00een articole \\u0219i materiale video sunt proprietatea exclusiv\\u0103 a <strong>L\\u0103crimioara Mezei<\\\/strong>. Niciun Client nu dob\\u00e2nde\\u0219te, prin utilizarea \\u0219i accesarea site-ului vreun drept sau vreo licen\\u021b\\u0103 de utilizare sau vreun drept de proprietate intelectual\\u0103\\\/industrial\\u0103 asupra materialelor prezente pe site.<\\\/p>\"}},{\"name\":\"Headline\",\"type\":\"headline\",\"props\":{\"title_element\":\"h2\",\"content\":\"Dispozi\\u021bii finale\",\"title_style\":\"h3\",\"maxwidth\":\"2xlarge\",\"text_align\":\"left\",\"parallax_target\":false,\"block_align\":\"center\",\"margin\":\"medium\",\"margin_remove_top\":true,\"margin_remove_bottom\":true,\"title_decoration\":\"line\"}},{\"type\":\"text\",\"props\":{\"margin\":\"default\",\"column_breakpoint\":\"m\",\"maxwidth\":\"2xlarge\",\"block_align\":\"center\",\"text_align\":\"justify\",\"content\":\"\n\n<p>Acest site este de\\u021binut de c\\u0103tre <strong>L\\u0103crimioara Mezei<\\\/strong>, care v\\u0103 ofer\\u0103 dreptul de a accesa \\u0219i utiliza site-ul sub rezerva accept\\u0103rii de c\\u0103tre dumneavoastr\\u0103 a acestor Termeni \\u0219i condi\\u021bii. Acces\\u00e2nd \\u0219i utiliz\\u00e2nd site-ul v\\u0103 oferi\\u021bi automat \\u0219i neechivoc acordul pentru respectarea Termenilor \\u0219i condi\\u021biilor de pe site.<\\\/p>\\n\n\n<p><strong>L\\u0103crimioara Mezei<\\\/strong> are dreptul de a modifica Termenii \\u0219i condi\\u021biile oric\\u00e2nd, f\\u0103r\\u0103 o notificare prealabil\\u0103, post\\u00e2nd varianta actualizat\\u0103 pe site, iar Clientul are obliga\\u021bia de a citi Termenii \\u0219i condi\\u021biile ori de c\\u00e2te ori acceseaz\\u0103 site-ul. Clientul are obliga\\u021bia de a respecta \\u00eentocmai Termenii \\u0219i condi\\u021biile de pe site \\u0219i nu poate pretinde \\u0219i nu se poate ap\\u0103ra cu necunoa\\u0219terea Termenilor \\u0219i condi\\u021biilor de pe site, valabili la data acces\\u0103rii, utiliz\\u0103rii ori \\u00een cazul \\u00eenscrierii la un eveniment.<\\\/p>\"}}]}]}],\"name\":\"Termeni \\u0219i condi\\u021bii\"}],\"version\":\"2.2.5\"} --><\/p>\n","protected":false},"excerpt":{"rendered":"<p>Termeni \u0219i condi\u021bii Regulamentul de utilizare Prezentul document prin continutul sau pune la dispozitia tertilor utilizatori Regulamentul privind termenii si conditiile de utilizare a site-ului L\u0103crimioara Mezei. Site-ul este operat de societatea Cabinet Individual de Psihologie Mezei L\u0103crimioara Ioana, cu sediul \u00een Oradea, Str. Libert\u0103\u021bii nr. 12, et.2, av\u00e2nd codul de \u00eenregistrare fiscal\u0103 ANAF nr [&hellip;]<\/p>\n","protected":false},"author":2,"featured_media":0,"parent":0,"menu_order":0,"comment_status":"closed","ping_status":"closed","template":"","meta":{"footnotes":""},"class_list":["post-707","page","type-page","status-publish","hentry"],"_links":{"self":[{"href":"https:\/\/lacrimioaramezei.ro\/en\/wp-json\/wp\/v2\/pages\/707","targetHints":{"allow":["GET"]}}],"collection":[{"href":"https:\/\/lacrimioaramezei.ro\/en\/wp-json\/wp\/v2\/pages"}],"about":[{"href":"https:\/\/lacrimioaramezei.ro\/en\/wp-json\/wp\/v2\/types\/page"}],"author":[{"embeddable":true,"href":"https:\/\/lacrimioaramezei.ro\/en\/wp-json\/wp\/v2\/users\/2"}],"replies":[{"embeddable":true,"href":"https:\/\/lacrimioaramezei.ro\/en\/wp-json\/wp\/v2\/comments?post=707"}],"version-history":[{"count":3,"href":"https:\/\/lacrimioaramezei.ro\/en\/wp-json\/wp\/v2\/pages\/707\/revisions"}],"predecessor-version":[{"id":946,"href":"https:\/\/lacrimioaramezei.ro\/en\/wp-json\/wp\/v2\/pages\/707\/revisions\/946"}],"wp:attachment":[{"href":"https:\/\/lacrimioaramezei.ro\/en\/wp-json\/wp\/v2\/media?parent=707"}],"curies":[{"name":"wp","href":"https:\/\/api.w.org\/{rel}","templated":true}]}}